{"id":1209,"date":"2023-11-14T09:02:33","date_gmt":"2023-11-14T09:02:33","guid":{"rendered":"https:\/\/tamlymienhaidang.com\/?page_id=1209"},"modified":"2026-02-24T15:39:24","modified_gmt":"2026-02-24T08:39:24","slug":"khoa-hoc-truc-tiep","status":"publish","type":"page","link":"https:\/\/tamlymienhaidang.com\/en\/khoa-hoc-truc-tiep\/","title":{"rendered":"Live course"},"content":{"rendered":"<div id=\"page-header-1585561455\" class=\"page-header-wrapper\">\n  <div class=\"page-title dark featured-title\">\n\n    \n    <div class=\"page-title-inner container align-center text-center flex-row-col medium-flex-wrap\" >\n              <div class=\"title-wrapper is-xlarge flex-col\">\n          <h1 class=\"entry-title mb-0\">\n            Live course          <\/h1>\n        <\/div>\n                    <div class=\"title-content flex-col\">\n        <div class=\"title-breadcrumbs pb-half pt-half\"><\/div>      <\/div>\n    <\/div>\n\n     \n<style>\n#page-header-1585561455 {\n  margin-bottom: 0px;\n}\n<\/style>\n  <\/div>\n    <\/div>\n  \n\n<h1>Kh\u00f3a h\u1ecdc \u0111\u00e3 di\u1ec5n ra<\/h1>\n<div class=\"row\"  id=\"row-1921362866\">\n\n\n\t<div id=\"col-1822422989\" class=\"col medium-6 small-12 large-6\"  >\n\t\t\t\t<div class=\"col-inner\"  >\n\t\t\t\n\t\t\t\n\n\t<div class=\"img has-hover x md-x lg-x y md-y lg-y\" id=\"image_381342235\">\n\t\t\t\t\t\t\t\t<div class=\"img-inner dark\" >\n\t\t\t<img loading=\"lazy\" decoding=\"async\" width=\"1020\" height=\"510\" src=\"https:\/\/tamlymienhaidang.com\/wp-content\/uploads\/2023\/11\/400601324_810327137770464_2659857397003221913_n-1400x700.jpg\" class=\"attachment-large size-large\" alt=\"\" srcset=\"https:\/\/tamlymienhaidang.com\/wp-content\/uploads\/2023\/11\/400601324_810327137770464_2659857397003221913_n-1400x700.jpg 1400w, https:\/\/tamlymienhaidang.com\/wp-content\/uploads\/2023\/11\/400601324_810327137770464_2659857397003221913_n-800x400.jpg 800w, https:\/\/tamlymienhaidang.com\/wp-content\/uploads\/2023\/11\/400601324_810327137770464_2659857397003221913_n-768x384.jpg 768w, https:\/\/tamlymienhaidang.com\/wp-content\/uploads\/2023\/11\/400601324_810327137770464_2659857397003221913_n-1536x768.jpg 1536w, https:\/\/tamlymienhaidang.com\/wp-content\/uploads\/2023\/11\/400601324_810327137770464_2659857397003221913_n.jpg 2048w\" sizes=\"auto, (max-width: 1020px) 100vw, 1020px\" \/>\t\t\t\t\t\t\n\t\t\t\t\t<\/div>\n\t\t\t\t\t\t\t\t\n<style>\n#image_381342235 {\n  width: 100%;\n}\n<\/style>\n\t<\/div>\n\t\n\n\n\t\t<\/div>\n\t\t\t\t\t<\/div>\n\n\t\n\n\t<div id=\"col-879227291\" class=\"col medium-6 small-12 large-6\"  >\n\t\t\t\t<div class=\"col-inner\"  >\n\t\t\t\n\t\t\t\n\n<h3>Kh\u00f3a th\u1ef1c h\u00e0nh: B\u1ed5 tr\u1ee3 k\u1ef9 n\u0103ng tham v\u1ea5n t\u00e2m l\u00fd th\u1ef1c ti\u1ec5n<\/h3>\n<p>Kho\u00e1 th\u1ef1c h\u00e0nh \u201cB\u1ed5 tr\u1ee3 k\u1ef9 n\u0103ng tham v\u1ea5n t\u00e2m l\u00fd th\u1ef1c ti\u1ec5n&#8221; h\u01b0\u1edbng t\u1edbi vi\u1ec7c cung c\u1ea5p cho h\u1ecdc vi\u00ean \u0111\u1ea7y \u0111\u1ee7 c\u00e1c ph\u01b0\u01a1ng ti\u1ec7n v\u00e0 c\u00e1ch th\u1ee9c \u0111\u1ec3 th\u1ef1c hi\u1ec7n m\u1ed9t l\u1ed9 tr\u00ecnh tham v\u1ea5n t\u00e2m l\u00fd ho\u00e0n ch\u1ec9nh trong th\u1ef1c t\u1ebf.<\/p>\n\n\t\t<\/div>\n\t\t\t\t\t<\/div>\n\n\t\n\n<\/div>\n<div class=\"row\"  id=\"row-647736426\">\n\n\n\t<div id=\"col-30119263\" class=\"col medium-6 small-12 large-6\"  >\n\t\t\t\t<div class=\"col-inner\"  >\n\t\t\t\n\t\t\t\n\n\t<div class=\"img has-hover x md-x lg-x y md-y lg-y\" id=\"image_118142951\">\n\t\t\t\t\t\t\t\t<div class=\"img-inner dark\" >\n\t\t\t<img loading=\"lazy\" decoding=\"async\" width=\"1020\" height=\"549\" src=\"https:\/\/tamlymienhaidang.com\/wp-content\/uploads\/2023\/06\/photo_2023-06-20_16-45-32.jpg\" class=\"attachment-large size-large\" alt=\"\" srcset=\"https:\/\/tamlymienhaidang.com\/wp-content\/uploads\/2023\/06\/photo_2023-06-20_16-45-32.jpg 1280w, https:\/\/tamlymienhaidang.com\/wp-content\/uploads\/2023\/06\/photo_2023-06-20_16-45-32-743x400.jpg 743w, https:\/\/tamlymienhaidang.com\/wp-content\/uploads\/2023\/06\/photo_2023-06-20_16-45-32-768x413.jpg 768w\" sizes=\"auto, (max-width: 1020px) 100vw, 1020px\" \/>\t\t\t\t\t\t\n\t\t\t\t\t<\/div>\n\t\t\t\t\t\t\t\t\n<style>\n#image_118142951 {\n  width: 100%;\n}\n<\/style>\n\t<\/div>\n\t\n\n\n\t\t<\/div>\n\t\t\t\t\t<\/div>\n\n\t\n\n\t<div id=\"col-485441443\" class=\"col medium-6 small-12 large-6\"  >\n\t\t\t\t<div class=\"col-inner\"  >\n\t\t\t\n\t\t\t\n\n<h3>Kh\u00f3a h\u1ecdc: Thi\u1ebft L\u1eadp K\u1ef9 N\u0103ng Tham V\u1ea5n T\u00e2m L\u00fd &#8211; Ph\u01b0\u01a1ng Ph\u00e1p B\u00e0i B\u1ea3n V\u00e0 Th\u1ef1c H\u00e0nh Hi\u1ec7u Qu\u1ea3<\/h3>\n<p><span style=\"font-weight: 400;\">Kho\u00e1 h\u1ecdc kh\u00e1i qu\u00e1t \u0111\u1ea7y \u0111\u1ee7 v\u1ec1 k\u1ef9 n\u0103ng tham v\u1ea5n t\u00e2m l\u00fd, \u0111\u01b0\u1ee3c k\u1ebft h\u1ee3p gi\u1eefa l\u00fd thuy\u1ebft v\u00e0 th\u1ef1c h\u00e0nh tr\u1ef1c quan \u0111\u1ec3 gi\u00fap c\u00e1c h\u1ecdc vi\u00ean x\u00e2y d\u1ef1ng ki\u1ebfn th\u1ee9c v\u00e0 kinh nghi\u1ec7m tham v\u1ea5n t\u00e2m l\u00fd b\u00e0i b\u1ea3n.\u00a0<\/span><\/p>\n\n\t\t<\/div>\n\t\t\t\t\t<\/div>\n\n\t\n\n<\/div>\n<div class=\"row\"  id=\"row-1341694713\">\n\n\n\t<div id=\"col-1877708193\" class=\"col medium-6 small-12 large-6\"  >\n\t\t\t\t<div class=\"col-inner\"  >\n\t\t\t\n\t\t\t\n\n\t<div class=\"img has-hover x md-x lg-x y md-y lg-y\" id=\"image_1026595309\">\n\t\t\t\t\t\t\t\t<div class=\"img-inner dark\" >\n\t\t\t<img loading=\"lazy\" decoding=\"async\" width=\"1020\" height=\"574\" src=\"https:\/\/tamlymienhaidang.com\/wp-content\/uploads\/2023\/05\/photo_2023-05-22_15-48-41.jpg\" class=\"attachment-large size-large\" alt=\"\" srcset=\"https:\/\/tamlymienhaidang.com\/wp-content\/uploads\/2023\/05\/photo_2023-05-22_15-48-41.jpg 1280w, https:\/\/tamlymienhaidang.com\/wp-content\/uploads\/2023\/05\/photo_2023-05-22_15-48-41-711x400.jpg 711w, https:\/\/tamlymienhaidang.com\/wp-content\/uploads\/2023\/05\/photo_2023-05-22_15-48-41-768x432.jpg 768w\" sizes=\"auto, (max-width: 1020px) 100vw, 1020px\" \/>\t\t\t\t\t\t\n\t\t\t\t\t<\/div>\n\t\t\t\t\t\t\t\t\n<style>\n#image_1026595309 {\n  width: 100%;\n}\n<\/style>\n\t<\/div>\n\t\n\n\n\t\t<\/div>\n\t\t\t\t\t<\/div>\n\n\t\n\n\t<div id=\"col-890830645\" class=\"col medium-6 small-12 large-6\"  >\n\t\t\t\t<div class=\"col-inner\"  >\n\t\t\t\n\t\t\t\n\n<h3>Kh\u00f3a h\u1ecdc: 3 quy t\u1eafc v\u00e0ng &#8211; Giao ti\u1ebfp d\u1ec5 d\u00e0ng<\/h3>\n<p class=\"lead\">Cung c\u1ea5p c\u00e1c k\u1ef9 n\u0103ng v\u1ec1 th\u1ecfa hi\u1ec7p, l\u1eafng nghe v\u00e0 t\u0103ng s\u1ee9c m\u1ea1nh l\u1eddi n\u00f3i gi\u00fap nhanh ch\u00f3ng \u0111\u1ea1t \u0111\u01b0\u1ee3c m\u1ee5c \u0111\u00edch trong giao ti\u1ebfp.<\/p>\n\n\t\t<\/div>\n\t\t\t\t\t<\/div>\n\n\t\n\n<\/div>\n<div class=\"row\"  id=\"row-1406707362\">\n\n\n\t<div id=\"col-895846499\" class=\"col medium-6 small-12 large-6\"  >\n\t\t\t\t<div class=\"col-inner\"  >\n\t\t\t\n\t\t\t\n\n\t<div class=\"img has-hover x md-x lg-x y md-y lg-y\" id=\"image_1684833690\">\n\t\t\t\t\t\t\t\t<div class=\"img-inner dark\" >\n\t\t\t<img loading=\"lazy\" decoding=\"async\" width=\"1020\" height=\"617\" src=\"https:\/\/tamlymienhaidang.com\/wp-content\/uploads\/2023\/03\/photo_2023-03-17_12-00-49.jpg\" class=\"attachment-large size-large\" alt=\"\" srcset=\"https:\/\/tamlymienhaidang.com\/wp-content\/uploads\/2023\/03\/photo_2023-03-17_12-00-49.jpg 1280w, https:\/\/tamlymienhaidang.com\/wp-content\/uploads\/2023\/03\/photo_2023-03-17_12-00-49-661x400.jpg 661w, https:\/\/tamlymienhaidang.com\/wp-content\/uploads\/2023\/03\/photo_2023-03-17_12-00-49-768x464.jpg 768w\" sizes=\"auto, (max-width: 1020px) 100vw, 1020px\" \/>\t\t\t\t\t\t\n\t\t\t\t\t<\/div>\n\t\t\t\t\t\t\t\t\n<style>\n#image_1684833690 {\n  width: 100%;\n}\n<\/style>\n\t<\/div>\n\t\n\n\n\t\t<\/div>\n\t\t\t\t\t<\/div>\n\n\t\n\n\t<div id=\"col-1542206655\" class=\"col medium-6 small-12 large-6\"  >\n\t\t\t\t<div class=\"col-inner\"  >\n\t\t\t\n\t\t\t\n\n<h3>S\u1ef1 ki\u1ec7n: Kh\u00f3a tr\u1ea3i nghi\u1ec7m \u201cBu\u00f4ng x\u1ea3 lo \u00e2u v\u1edbi ch\u00e1nh ni\u1ec7m trong t\u00e2m l\u00fd h\u1ecdc\u201d<\/h3>\n<p class=\"p1\">Kh\u00f3a tr\u1ea3i nghi\u1ec7m cung c\u1ea5p cho ng\u01b0\u1eddi tham gia nh\u1eefng n\u1ec1n t\u1ea3ng ki\u1ebfn th\u1ee9c v\u00e0 th\u1ef1c h\u00e0nh c\u01a1 b\u1ea3n v\u1ec1 ch\u00e1nh ni\u1ec7m trong t\u00e2m l\u00fd h\u1ecdc \u0111\u1ec3 \u1ee9ng d\u1ee5ng th\u1ef1c ti\u1ec5n v\u00e0o vi\u1ec7c gi\u1ea3i t\u1ecfa nh\u1eefng lo \u00e2u c\u1ee7a b\u1ea3n th\u00e2n.<\/p>\n\n\t\t<\/div>\n\t\t\t\t\t<\/div>\n\n\t\n\n<\/div>\n<div class=\"row\"  id=\"row-1398125359\">\n\n\n\t<div id=\"col-2061247563\" class=\"col medium-6 small-12 large-6\"  >\n\t\t\t\t<div class=\"col-inner\"  >\n\t\t\t\n\t\t\t\n\n\t<div class=\"img has-hover x md-x lg-x y md-y lg-y\" id=\"image_1409859509\">\n\t\t\t\t\t\t\t\t<div class=\"img-inner dark\" >\n\t\t\t<img loading=\"lazy\" decoding=\"async\" width=\"1020\" height=\"541\" src=\"https:\/\/tamlymienhaidang.com\/wp-content\/uploads\/2022\/10\/photo_2022-10-05_15-21-25.jpg\" class=\"attachment-large size-large\" alt=\"\" srcset=\"https:\/\/tamlymienhaidang.com\/wp-content\/uploads\/2022\/10\/photo_2022-10-05_15-21-25.jpg 1280w, https:\/\/tamlymienhaidang.com\/wp-content\/uploads\/2022\/10\/photo_2022-10-05_15-21-25-754x400.jpg 754w, https:\/\/tamlymienhaidang.com\/wp-content\/uploads\/2022\/10\/photo_2022-10-05_15-21-25-768x407.jpg 768w\" sizes=\"auto, (max-width: 1020px) 100vw, 1020px\" \/>\t\t\t\t\t\t\n\t\t\t\t\t<\/div>\n\t\t\t\t\t\t\t\t\n<style>\n#image_1409859509 {\n  width: 100%;\n}\n<\/style>\n\t<\/div>\n\t\n\n\n\t\t<\/div>\n\t\t\t\t\t<\/div>\n\n\t\n\n\t<div id=\"col-1961861278\" class=\"col medium-6 small-12 large-6\"  >\n\t\t\t\t<div class=\"col-inner\"  >\n\t\t\t\n\t\t\t\n\n<h3>Kh\u00f3a h\u1ecdc: B\u01b0\u1edbc v\u00e0o t\u00e2m l\u00fd h\u1ecdc<\/h3>\n<p class=\"p1\">Kh\u00f3a h\u1ecdc s\u1ebd cung c\u1ea5p cho ng\u01b0\u1eddi tham gia c\u00e1c ki\u1ebfn th\u1ee9c t\u1ed5ng quan mang t\u00ednh n\u1ec1n t\u1ea3ng v\u1ec1 t\u00e2m l\u00fd h\u1ecdc \u0111\u01b0\u1ee3c h\u1ec7 th\u1ed1ng m\u1ed9t c\u00e1ch logic v\u00e0 d\u1ec5 ti\u1ebfp c\u1eadn. Quan tr\u1ecdng h\u01a1n, v\u1edbi \u201cB\u01b0\u1edbc v\u00e0o t\u00e2m l\u00fd h\u1ecdc\u201d, ch\u00fang t\u00f4i c\u00f2n thi\u1ebft k\u1ebf c\u00e1c ch\u01b0\u01a1ng tr\u00ecnh \u1ee9ng d\u1ee5ng ki\u1ebfn th\u1ee9c t\u00e2m l\u00fd h\u1ecdc v\u00e0o trong \u0111\u1eddi s\u1ed1ng. \u0110\u00e2y l\u00e0 \u0111i\u1ec3m n\u1ed5i b\u1eadt c\u1ee7a to\u00e0n kh\u00f3a h\u1ecdc, c\u0169ng \u0111\u1ec3 kh\u1eb3ng \u0111\u1ecbnh tinh th\u1ea7n c\u1ed1t l\u00f5i c\u1ee7a t\u00e2m l\u00fd h\u1ecdc: nghi\u00ean c\u1ee9u \u0111i c\u00f9ng th\u1ef1c ti\u1ec5n.<\/p>\n\n\t\t<\/div>\n\t\t\t\t\t<\/div>\n\n\t\n\n<\/div>","protected":false},"excerpt":{"rendered":"","protected":false},"author":1,"featured_media":0,"parent":0,"menu_order":0,"comment_status":"closed","ping_status":"closed","template":"","meta":{"footnotes":""},"class_list":["post-1209","page","type-page","status-publish","hentry"],"_links":{"self":[{"href":"https:\/\/tamlymienhaidang.com\/en\/wp-json\/wp\/v2\/pages\/1209","targetHints":{"allow":["GET"]}}],"collection":[{"href":"https:\/\/tamlymienhaidang.com\/en\/wp-json\/wp\/v2\/pages"}],"about":[{"href":"https:\/\/tamlymienhaidang.com\/en\/wp-json\/wp\/v2\/types\/page"}],"author":[{"embeddable":true,"href":"https:\/\/tamlymienhaidang.com\/en\/wp-json\/wp\/v2\/users\/1"}],"replies":[{"embeddable":true,"href":"https:\/\/tamlymienhaidang.com\/en\/wp-json\/wp\/v2\/comments?post=1209"}],"version-history":[{"count":2,"href":"https:\/\/tamlymienhaidang.com\/en\/wp-json\/wp\/v2\/pages\/1209\/revisions"}],"predecessor-version":[{"id":3518,"href":"https:\/\/tamlymienhaidang.com\/en\/wp-json\/wp\/v2\/pages\/1209\/revisions\/3518"}],"wp:attachment":[{"href":"https:\/\/tamlymienhaidang.com\/en\/wp-json\/wp\/v2\/media?parent=1209"}],"curies":[{"name":"wp","href":"https:\/\/api.w.org\/{rel}","templated":true}]}}