{"id":2832,"date":"2025-07-16T06:16:33","date_gmt":"2025-07-16T06:16:33","guid":{"rendered":"https:\/\/tamlymienhaidang.com\/?page_id=2832"},"modified":"2025-07-16T06:40:58","modified_gmt":"2025-07-16T06:40:58","slug":"canh-thu-cho-chinh-minh","status":"publish","type":"page","link":"https:\/\/tamlymienhaidang.com\/en\/to-chuc-hoi-thao\/canh-thu-cho-chinh-minh\/","title":{"rendered":"C\u00e1nh th\u01b0 cho ch\u00ednh m\u00ecnh"},"content":{"rendered":"<h1 class=\"wp-block-heading has-text-align-center has-white-color has-text-color has-background has-link-color wp-elements-b03378e4a12f14702980eb8fb812c450\" style=\"background-color:#295788\"><strong>Chi\u1ebfn d\u1ecbch \u201cC\u00e1nh th\u01b0 cho ch\u00ednh m\u00ecnh\u201d<\/strong><br><strong>Tham gia ngay \u0111\u1ec3 nh\u1eadn qu\u00e0 l\u00e0 6 phi\u00ean tham v\u1ea5n tr\u1ecb li\u1ec7u!<\/strong><\/h1>\n\n\n\n<figure class=\"wp-block-image size-large\"><img loading=\"lazy\" decoding=\"async\" width=\"1400\" height=\"763\" src=\"https:\/\/tamlymienhaidang.com\/wp-content\/uploads\/2025\/07\/anh-web-23-1400x763.png\" alt=\"\" class=\"wp-image-2833\" srcset=\"https:\/\/tamlymienhaidang.com\/wp-content\/uploads\/2025\/07\/anh-web-23-1400x763.png 1400w, https:\/\/tamlymienhaidang.com\/wp-content\/uploads\/2025\/07\/anh-web-23-734x400.png 734w, https:\/\/tamlymienhaidang.com\/wp-content\/uploads\/2025\/07\/anh-web-23-768x419.png 768w, https:\/\/tamlymienhaidang.com\/wp-content\/uploads\/2025\/07\/anh-web-23-1536x838.png 1536w, https:\/\/tamlymienhaidang.com\/wp-content\/uploads\/2025\/07\/anh-web-23.png 1920w\" sizes=\"auto, (max-width: 1400px) 100vw, 1400px\" \/><\/figure>\n\n\n\n<ul class=\"wp-block-list\">\n<li>Chi\u1ebfn d\u1ecbch \u201c<strong>C\u00e1nh th\u01b0 cho ch\u00ednh m\u00ecnh<\/strong>\u201d l\u00e0 m\u1ed9t ho\u1ea1t \u0111\u1ed9ng do V\u0103n ph\u00f2ng T\u00e2m l\u00fd Mi\u1ec1n H\u1ea3i \u0110\u0103ng kh\u1edfi x\u01b0\u1edbng.<\/li>\n\n\n\n<li>Nh\u1eb1m t\u1ea1o \u0111i\u1ec1u ki\u1ec7n tham v\u1ea5n tr\u1ecb li\u1ec7u t\u00e2m l\u00fd tr\u1ef1c ti\u1ebfp t\u1ea1i H\u00e0 N\u1ed9i v\u1edbi chi ph\u00ed h\u1ed7 tr\u1ee3 \u0111\u1eb7c bi\u1ec7t cho nh\u1eefng ng\u01b0\u1eddi \u0111ang g\u1eb7p kh\u00f3 kh\u0103n t\u00e0i ch\u00ednh nh\u01b0ng th\u1eadt s\u1ef1 mong mu\u1ed1n thay \u0111\u1ed5i c\u00e1c v\u1ea5n \u0111\u1ec1 t\u00e2m l\u00fd c\u1ee7a m\u00ecnh.<\/li>\n\n\n\n<li>Ng\u01b0\u1eddi tham gia vi\u1ebft m\u1ed9t b\u1ee9c th\u01b0 cho ch\u00ednh m\u00ecnh r\u1ed3i g\u1eedi t\u1edbi chi\u1ebfn d\u1ecbch. D\u1ef1a tr\u00ean c\u00e1c ti\u00eau ch\u00ed l\u1ef1a ch\u1ecdn, ch\u00fang t\u00f4i s\u1ebd ch\u1ecdn ra <strong>3 c\u00e1nh th\u01b0 ph\u00f9 h\u1ee3p nh\u1ea5t<\/strong> \u0111\u1ec3 trao m\u00f3n qu\u00e0 l\u00e0 6 phi\u00ean tham v\u1ea5n tr\u1ecb li\u1ec7u v\u1edbi m\u1ee9c ph\u00ed gi\u1ea3m t\u1edbi 75%.<\/li>\n<\/ul>\n\n\n\n<h2 class=\"wp-block-heading\"><strong>\u2709\ufe0f C\u00c1CH THAM GIA<\/strong><\/h2>\n\n\n\n<ul class=\"wp-block-list\">\n<li>Vi\u1ebft <strong>m\u1ed9t b\u1ee9c th\u01b0 g\u1eedi cho ch\u00ednh b\u1ea1n<\/strong> v\u00e0o h\u00f4m nay. Trong th\u01b0, b\u1ea1n h\u00e3y chia s\u1ebb:<\/li>\n<\/ul>\n\n\n\n<ol class=\"wp-block-list\">\n<li>Kh\u00f3 kh\u0103n <strong>t\u00e2m l\u00fd hi\u1ec7n t\u1ea1i c\u1ee7a b\u1ea1n ra sao?<\/strong> C\u00f3 \u0111i\u1ec1u g\u00ec khi\u1ebfn b\u1ea1n th\u1ea5y m\u1eafc k\u1eb9t, r\u1ed1i r\u1eafm, l\u1ea1c h\u01b0\u1edbng?<\/li>\n\n\n\n<li><strong>B\u1ea1n ngh\u0129 \u0111i\u1ec1u g\u00ec khi\u1ebfn m\u00ecnh r\u01a1i v\u00e0o tr\u1ea1ng th\u00e1i \u0111\u00f3?<\/strong> C\u00f3 \u0111i\u1ec1u g\u00ec b\u00ean trong \u0111ang l\u1eb7p l\u1ea1i, n\u00edu gi\u1eef, khi\u1ebfn b\u1ea1n th\u1ea5y kh\u00f3 tho\u00e1t ra?<\/li>\n\n\n\n<li>D\u00f9 v\u1eady, <strong>b\u1ea1n v\u1eabn nh\u00ecn th\u1ea5y \u0111i\u1ec1u g\u00ec t\u00edch c\u1ef1c trong ch\u00ednh m\u00ecnh?<\/strong> M\u1ed9t mong mu\u1ed1n nho nh\u1ecf, m\u1ed9t ph\u1ea7n ch\u01b0a g\u1ee5c ng\u00e3, m\u1ed9t gi\u00e1 tr\u1ecb b\u1ea1n v\u1eabn gi\u1eef?<\/li>\n\n\n\n<li><strong>N\u1ebfu \u0111\u01b0\u1ee3c \u0111\u1ed3ng h\u00e0nh trong 6 phi\u00ean tham v\u1ea5n tr\u1ecb li\u1ec7u t\u1edbi, b\u1ea1n mu\u1ed1n thay \u0111\u1ed5i \u0111i\u1ec1u g\u00ec nh\u1ea5t?<\/strong><\/li>\n\n\n\n<li><strong>Cam k\u1ebft:<\/strong> N\u1ebfu tr\u01b0\u1eddng h\u1ee3p c\u1ee7a b\u1ea1n \u0111\u01b0\u1ee3c ch\u1ecdn, b\u1ea1n s\u1ebd s\u1eb5n s\u00e0ng nghi\u00eam t\u00fac nh\u01b0 th\u1ebf n\u00e0o v\u1edbi 6 phi\u00ean tr\u1ecb li\u1ec7u t\u1edbi?<\/li>\n<\/ol>\n\n\n\n<ul class=\"wp-block-list\">\n<li>H\u1ea1n g\u1eedi th\u01b0: t\u1eeb ng\u00e0y 16\/07\/2025 &#8211; 31\/07\/2025<\/li>\n\n\n\n<li>H\u00f2m mail nh\u1eadn th\u01b0: <a href=\"mailto:mienhaidangtamly@gmail.com\">mienhaidangtamly@gmail.com<\/a><\/li>\n\n\n\n<li><strong><em>Y\u00eau c\u1ea7u m\u1eabu mail h\u1ee3p l\u1ec7:&nbsp;<\/em><\/strong><\/li>\n<\/ul>\n\n\n\n<p><strong>Ti\u00eau \u0111\u1ec1 ghi r\u00f5: <\/strong>Tham gia chi\u1ebfn d\u1ecbch C\u00e1nh th\u01b0 cho ch\u00ednh m\u00ecnh.<\/p>\n\n\n\n<p><strong>Trong th\u01b0 ghi:&nbsp;<\/strong><\/p>\n\n\n\n<p><em>H\u1ecd v\u00e0 t\u00ean\u2026<\/em><\/p>\n\n\n\n<p><em>Ng\u00e0y th\u00e1ng n\u0103m sinh\u2026<\/em><\/p>\n\n\n\n<p><em>S\u1ed1 \u0111i\u1ec7n tho\u1ea1i\u2026.<\/em><\/p>\n\n\n\n<p>Th\u01b0 vi\u1ebft cho ch\u00ednh m\u00ecnh c\u00f3 th\u1ec3 vi\u1ebft trong email ho\u1eb7c \u0111\u00ednh k\u00e8m.<\/p>\n\n\n\n<p><strong><em>L\u01b0u \u00fd: To\u00e0n b\u1ed9 th\u00f4ng tin n\u00e0y c\u1ee7a b\u1ea1n \u0111\u01b0\u1ee3c b\u1ea3o m\u1eadt ch\u1ec9 \u0111\u01b0\u1ee3c s\u1eed d\u1ee5ng trong vi\u1ec7c l\u1ef1a ch\u1ecdn li\u00ean h\u1ec7 trao qu\u00e0.<\/em><\/strong><\/p>\n\n\n\n<h2 class=\"wp-block-heading\"><strong>\u270f\ufe0f Y\u00caU C\u1ea6U v\u00e0 TI\u00caU CH\u00cd L\u1ef0A CH\u1eccN<\/strong><\/h2>\n\n\n\n<ul class=\"wp-block-list\">\n<li>V\u1ea5n \u0111\u1ec1 c\u1ee7a ai c\u0169ng \u0111\u1ec1u kh\u00f3 kh\u0103n theo c\u00e1ch c\u1ee7a ri\u00eang m\u00ecnh. V\u00ec th\u1ebf \u0111\u1ed1i v\u1edbi chi\u1ebfn d\u1ecbch n\u00e0y, ch\u00fang t\u00f4i nh\u1ea5n m\u1ea1nh v\u00e0o mong mu\u1ed1n thay \u0111\u1ed5i v\u00e0 kh\u1ea3 n\u0103ng \u0111\u1ed3ng h\u00e0nh t\u1eeb b\u1ea1n thay v\u00ec l\u1ef1a ch\u1ecdn <strong>c\u00e2u chuy\u1ec7n \u0111au l\u00f2ng nh\u1ea5t<\/strong>.<\/li>\n\n\n\n<li>B\u1ea1n kh\u00f4ng c\u1ea7n vi\u1ebft hay, kh\u00f4ng c\u1ea7n vi\u1ebft d\u00e0i, kh\u00f4ng c\u1ea7n qu\u00e1 chau chu\u1ed1t c\u00e2u t\u1eeb. \u0110i\u1ec1u ch\u00fang t\u00f4i th\u1eadt s\u1ef1 mong mu\u1ed1n c\u1ea3m nh\u1eadn \u0111\u00f3 ch\u00ednh l\u00e0 s\u1ef1 ch\u00e2n th\u00e0nh nh\u1ea5t trong l\u00e1 th\u01b0 c\u1ee7a b\u1ea1n.<\/li>\n\n\n\n<li>\u0110\u1ed9 d\u00e0i th\u01b0 kho\u1ea3ng 500 &#8211; 1000 t\u1eeb.<br><\/li>\n<\/ul>\n\n\n\n<h2 class=\"wp-block-heading\"><strong>C\u01a0 H\u1ed8I CH\u1ec8 D\u00c0NH CHO 3 NG\u01af\u1edcI<\/strong><\/h2>\n\n\n\n<p>N\u1ebfu th\u01b0 c\u1ee7a b\u1ea1n \u0111\u01b0\u1ee3c ch\u1ecdn, b\u1ea1n s\u1ebd nh\u1eadn \u0111\u01b0\u1ee3c <strong>M\u00f3n qu\u00e0 tr\u1ecb li\u1ec7u: Gi\u1ea3m 75% ph\u00ed g\u1ed1c ch\u1ec9 c\u00f2n 1.000.000\u0111 cho to\u00e0n b\u1ed9 6 phi\u00ean tham v\u1ea5n tr\u1ecb li\u1ec7u*<\/strong><\/p>\n\n\n\n<ul class=\"wp-block-list\">\n<li><strong>M\u1ed7i phi\u00ean l\u00e0m vi\u1ec7c 60 ph\u00fat &#8211; di\u1ec5n ra tr\u1ef1c ti\u1ebfp<\/strong> t\u1ea1i v\u0103n ph\u00f2ng t\u00e2m l\u00fd Mi\u1ec1n H\u1ea3i \u0110\u0103ng &#8211; H\u00e0 N\u1ed9i. Kh\u00f4ng gian tham v\u1ea5n tr\u1ecb li\u1ec7u chuy\u00ean nghi\u1ec7p, b\u1ea3o m\u1eadt v\u00e0 tho\u1ea3i m\u00e1i.<\/li>\n\n\n\n<li><strong>Tham v\u1ea5n tr\u1ecb li\u1ec7u c\u00f9ng nh\u00e0 tham v\u1ea5n tr\u1ebb c\u1ee7a Mi\u1ec1n H\u1ea3i \u0110\u0103ng <\/strong>(d\u01b0\u1edbi s\u1ef1 gi\u00e1m s\u00e1t chuy\u00ean m\u00f4n ch\u1eb7t ch\u1ebd c\u1ee7a c\u00e1c nh\u00e0 tham v\u1ea5n tr\u1ecb li\u1ec7u nhi\u1ec1u n\u0103m kinh nghi\u1ec7m)<\/li>\n<\/ul>\n\n\n\n<p>* N\u1ebfu b\u1ea1n g\u1eb7p kh\u00f3 kh\u0103n trong vi\u1ec7c ho\u00e0n th\u00e0nh to\u00e0n b\u1ed9 ph\u00ed 6 phi\u00ean l\u00e0m vi\u1ec7c, vui l\u00f2ng inbox cho ch\u00fang t\u00f4i \u0111\u1ec3 \u0111\u01b0\u1ee3c t\u01b0 v\u1ea5n h\u1ed7 tr\u1ee3.<\/p>\n\n\n\n<h2 class=\"wp-block-heading\"><strong>PH\u1ea6N QU\u00c0 NH\u1ece CHO NH\u1eeeNG C\u00c1NH TH\u01af CH\u01afA \u0110\u01af\u1ee2C CH\u1eccN.<\/strong><\/h2>\n\n\n\n<p>\u0110\u1ec3 tri \u00e2n cho nh\u1eefng n\u1ed7 l\u1ef1c d\u0169ng c\u1ea3m c\u1ee7a b\u1ea1n khi \u0111\u00e3 vi\u1ebft l\u00e1 th\u01b0 ch\u00e2n th\u00e0nh cho ch\u00ednh m\u00ecnh. Mi\u1ec1n H\u1ea3i \u0110\u0103ng s\u1ebd t\u1eb7ng m\u1ed7i ng\u01b0\u1eddi tham gia chi\u1ebfn d\u1ecbch ch\u01b0a \u0111\u01b0\u1ee3c \u0111\u01b0\u1ee3c ch\u1ecdn l\u1ea7n n\u00e0y 1 Voucher gi\u1ea3m 5% ph\u00ed t\u1ea5t c\u1ea3 c\u00e1c d\u1ecbch v\u1ee5 tham v\u1ea5n tr\u1ecb li\u1ec7u t\u1ea1i V\u0103n ph\u00f2ng t\u00e2m l\u00fd c\u1ee7a ch\u00fang t\u00f4i.<\/p>\n\n\n\n<h3 class=\"wp-block-heading\"><strong>\ud83d\udd6f\ufe0f H\u00e3y b\u1eaft \u0111\u1ea7u b\u1eb1ng m\u1ed9t \u0111i\u1ec1u nh\u1ecf nh\u1ea5t &#8211; m\u1ed9t \u0111i\u1ec1u t\u1ed1t \u0111\u1eb9p, m\u1ed9t l\u00e1 th\u01b0 ch\u00e2n th\u00e0nh d\u00e0nh cho ch\u00ednh b\u1ea1n.<\/strong><\/h3>\n\n\n\n<p><\/p>","protected":false},"excerpt":{"rendered":"<p>Chi\u1ebfn d\u1ecbch \u201cC\u00e1nh th\u01b0 cho ch\u00ednh m\u00ecnh\u201dTham gia ngay \u0111\u1ec3 nh\u1eadn qu\u00e0 l\u00e0 6 phi\u00ean tham v\u1ea5n tr\u1ecb li\u1ec7u! \u2709\ufe0f C\u00c1CH THAM GIA Ti\u00eau \u0111\u1ec1 ghi r\u00f5: Tham gia chi\u1ebfn d\u1ecbch C\u00e1nh th\u01b0 cho ch\u00ednh m\u00ecnh. Trong th\u01b0 ghi:&nbsp; H\u1ecd v\u00e0 t\u00ean\u2026 Ng\u00e0y th\u00e1ng n\u0103m sinh\u2026 S\u1ed1 \u0111i\u1ec7n tho\u1ea1i\u2026. Th\u01b0 vi\u1ebft cho ch\u00ednh m\u00ecnh c\u00f3 [&#8230;]\n","protected":false},"author":1,"featured_media":2833,"parent":590,"menu_order":0,"comment_status":"closed","ping_status":"closed","template":"","meta":{"footnotes":""},"class_list":["post-2832","page","type-page","status-publish","has-post-thumbnail","hentry"],"_links":{"self":[{"href":"https:\/\/tamlymienhaidang.com\/en\/wp-json\/wp\/v2\/pages\/2832","targetHints":{"allow":["GET"]}}],"collection":[{"href":"https:\/\/tamlymienhaidang.com\/en\/wp-json\/wp\/v2\/pages"}],"about":[{"href":"https:\/\/tamlymienhaidang.com\/en\/wp-json\/wp\/v2\/types\/page"}],"author":[{"embeddable":true,"href":"https:\/\/tamlymienhaidang.com\/en\/wp-json\/wp\/v2\/users\/1"}],"replies":[{"embeddable":true,"href":"https:\/\/tamlymienhaidang.com\/en\/wp-json\/wp\/v2\/comments?post=2832"}],"version-history":[{"count":0,"href":"https:\/\/tamlymienhaidang.com\/en\/wp-json\/wp\/v2\/pages\/2832\/revisions"}],"up":[{"embeddable":true,"href":"https:\/\/tamlymienhaidang.com\/en\/wp-json\/wp\/v2\/pages\/590"}],"wp:featuredmedia":[{"embeddable":true,"href":"https:\/\/tamlymienhaidang.com\/en\/wp-json\/wp\/v2\/media\/2833"}],"wp:attachment":[{"href":"https:\/\/tamlymienhaidang.com\/en\/wp-json\/wp\/v2\/media?parent=2832"}],"curies":[{"name":"wp","href":"https:\/\/api.w.org\/{rel}","templated":true}]}}