{"id":607,"date":"2022-09-19T09:17:55","date_gmt":"2022-09-19T09:17:55","guid":{"rendered":"https:\/\/tamlymienhaidang.com\/?page_id=607"},"modified":"2025-05-24T07:28:35","modified_gmt":"2025-05-24T07:28:35","slug":"truyen-thong-giao-duc","status":"publish","type":"page","link":"https:\/\/tamlymienhaidang.com\/en\/truyen-thong-giao-duc\/","title":{"rendered":"Educational Communication"},"content":{"rendered":"\n  <div id=\"page-header-1157936208\" class=\"page-header-wrapper\">\n  <div class=\"page-title dark featured-title\">\n\n    \n    <div class=\"page-title-inner container align-center text-center flex-row-col medium-flex-wrap\" >\n              <div class=\"title-wrapper flex-col\">\n          <h1 class=\"entry-title mb-0\">\n            Truy\u1ec1n th\u00f4ng gi\u00e1o d\u1ee5c          <\/h1>\n        <\/div>\n                    <div class=\"title-content flex-col\">\n        <div class=\"title-breadcrumbs pb-half pt-half\"><\/div>      <\/div>\n    <\/div>\n\n       <\/div>\n    <\/div>\n  \n\n<nav aria-label=\"breadcrumbs\" class=\"rank-math-breadcrumb\"><p><span class=\"last\">Home<\/span><\/p><\/nav>\n<p>Trong th\u1eddi \u0111\u1ea1i b\u00f9ng n\u1ed5 c\u1ee7a truy\u1ec1n th\u00f4ng s\u1ed1, Mi\u1ec1n H\u1ea3i \u0110\u0103ng nh\u1eadn th\u1ea5y r\u1ea5t c\u1ea7n thi\u1ebft \u0111\u01b0a c\u00e1c ki\u1ebfn th\u1ee9c, th\u00f4ng tin v\u1ec1 t\u00e2m l\u00fd h\u1ecdc l\u00ean c\u00e1c n\u1ec1n t\u1ea3ng m\u1ea1ng x\u00e3 h\u1ed9i \u0111a ph\u01b0\u01a1ng ti\u1ec7n. \u0110i\u1ec1u n\u00e0y c\u00f3 th\u1ec3 \u0111\u1ea9y m\u1ea1nh qu\u00e1 tr\u00ecnh \u0111em t\u00e2m l\u00fd h\u1ecdc \u0111\u1ebfn g\u1ea7n h\u01a1n v\u1edbi c\u1ed9ng \u0111\u1ed3ng, khi m\u00e0 gi\u1edd \u0111\u00e2y, ch\u1ec9 c\u1ea7n v\u1edbi m\u1ed9t chi\u1ebfc \u0111i\u1ec7n tho\u1ea1i th\u00f4ng minh c\u00f9ng m\u1ed9t v\u00e0i c\u00e1c thao t\u00e1c c\u01a1 b\u1ea3n, ng\u01b0\u1eddi s\u1eed d\u1ee5ng c\u00f3 th\u1ec3 th\u1ea5y \u0111\u01b0\u1ee3c c\u00e1c th\u00f4ng tin m\u00ecnh c\u1ea7n, th\u1eadm ch\u00ed l\u00e0 c\u1ea3 c\u00e1c th\u00f4ng tin m\u00ecnh s\u1ebd c\u1ea7n. Kh\u00f4ng ch\u1ec9 v\u1eady, Mi\u1ec1n H\u1ea3i \u0110\u0103ng c\u00f2n mong mu\u1ed1n c\u00f3 th\u1ec3 t\u1ea1o d\u1ef1ng th\u00f3i quen cho m\u1ecdi ng\u01b0\u1eddi ch\u1ee7 \u0111\u1ed9ng ti\u1ebfp c\u1eadn v\u00e0 \u1ee9ng d\u1ee5ng c\u00e1c ki\u1ebfn th\u1ee9c v\u1ec1 t\u00e2m l\u00fd h\u1ecdc th\u00f4ng qua c\u00e1c n\u1ec1n t\u1ea3ng truy\u1ec1n th\u00f4ng n\u00e0y.\u00a0<\/p>\n<p>Nh\u1eb1m \u0111\u00e1p \u1ee9ng nhu c\u1ea7u t\u00ecm hi\u1ec3u th\u00f4ng tin \u1edf nhi\u1ec1u \u0111\u1ed1i t\u01b0\u1ee3ng kh\u00e1c nhau, hi\u1ec7n nay, Mi\u1ec1n H\u1ea3i \u0110\u0103ng \u0111ang ph\u00e1t tri\u1ec3n n\u1ed9i dung tr\u00ean 4 n\u1ec1n t\u1ea3ng m\u1ea1ng x\u00e3 h\u1ed9i, bao g\u1ed3m: Facebook, Instagram, Youtube, Tiktok. C\u00e1c n\u1ec1n t\u1ea3ng n\u00e0y h\u1ed7 tr\u1ee3 ch\u00fang t\u00f4i mang t\u00e2m l\u00fd h\u1ecdc \u0111\u1ebfn m\u1ecdi ng\u01b0\u1eddi m\u1ed9t c\u00e1ch \u0111\u1ea7y m\u1edbi m\u1ebb, th\u00fa v\u1ecb v\u00e0 c\u0169ng r\u1ea5t g\u1ea7n g\u0169i. B\u00ean c\u1ea1nh \u0111\u00f3, Mi\u1ec1n H\u1ea3i \u0110\u0103ng c\u0169ng duy tr\u00ec c\u1eadp nh\u1eadt c\u00e1c th\u00f4ng tin v\u1ec1 t\u00e2m l\u00fd h\u1ecdc tr\u00ean Website c\u1ee7a ch\u00fang t\u00f4i \u0111\u1ec3 nh\u1eefng ng\u01b0\u1eddi \u0111\u00e3 quen v\u1edbi c\u00e1ch ti\u1ebfp c\u1eadn truy\u1ec1n th\u1ed1ng c\u00f3 th\u1ec3 d\u1ec5 d\u00e0ng t\u00ecm \u0111\u1ecdc. (Tham kh\u1ea3o th\u00eam v\u1ec1 c\u00e1c b\u00e0i vi\u1ebft n\u00e0y <a href=\"https:\/\/tamlymienhaidang.com\/kien-thuc-tam-ly\/\">t\u1ea1i \u0111\u00e2y<\/a>)<\/p>\n<p>Theo d\u00f5i Mi\u1ec1n H\u1ea3i \u0110\u0103ng t\u1eeb h\u00f4m nay, t\u1ea1i:<\/p>\n<p>\u25baFanpage: <a class=\"qi72231t nu7423ey n3hqoq4p r86q59rh b3qcqh3k fq87ekyn bdao358l fsf7x5fv rse6dlih s5oniofx m8h3af8h l7ghb35v kjdc1dyq kmwttqpk srn514ro oxkhqvkx rl78xhln nch0832m cr00lzj9 rn8ck1ys s3jn8y49 icdlwmnq cxfqmxzd d1w2l3lo tes86rjd\" tabindex=\"0\" role=\"link\" href=\"https:\/\/www.facebook.com\/MienHaiDang\/?__cft__[0]=AZXdT5mV13-uIfTqoVfFpAmTXvDiZNObQnvFII0YXakctKtfWZ1_XG-4PgO5Qjjr0KxeHV20BUvbIgv_RviNCF9m6jqygEPcPk1TBLSyvRv80H0-ZdPTl4o8HaZ1wB_s6sMSO3DfGRrXZTkFcTU9g27tZhnOFSE4G-3-TBHzwzl4iM7cBw3QRARRVXmIdIJNswr13jnKieuT1eifoGGEk_qT&amp;__tn__=kK-R\" target=\"_blank\" rel=\"noopener\"><span class=\"rse6dlih\">https:\/\/www.facebook.com\/MienHaiDang\/<\/span><\/a><\/p>\n<p>\u25baYoutube: <a class=\"qi72231t nu7423ey n3hqoq4p r86q59rh b3qcqh3k fq87ekyn bdao358l fsf7x5fv rse6dlih s5oniofx m8h3af8h l7ghb35v kjdc1dyq kmwttqpk srn514ro oxkhqvkx rl78xhln nch0832m cr00lzj9 rn8ck1ys s3jn8y49 icdlwmnq cxfqmxzd ezidihy3\" tabindex=\"0\" role=\"link\" href=\"https:\/\/youtube.com\/channel\/UCt6AjFs-2wTfX8pAuoZp-pg?fbclid=IwAR2IxbykKOD7lEi5-9cemyX77QxzRpzxMQu6y8ZBhur2qDyiYi539NqYAec\" target=\"_blank\" rel=\"nofollow noopener\">https:\/\/youtube.com\/channel\/UCt6AjFs-2wTfX8pAuoZp-pg<\/a><\/p>\n<p><img loading=\"lazy\" decoding=\"async\" class=\"size-medium wp-image-612 aligncenter\" src=\"https:\/\/tamlymienhaidang.com\/wp-content\/uploads\/2022\/09\/Youtube-711x400.jpg\" alt=\"\" width=\"711\" height=\"400\" srcset=\"https:\/\/tamlymienhaidang.com\/wp-content\/uploads\/2022\/09\/Youtube-711x400.jpg 711w, https:\/\/tamlymienhaidang.com\/wp-content\/uploads\/2022\/09\/Youtube-1400x788.jpg 1400w, https:\/\/tamlymienhaidang.com\/wp-content\/uploads\/2022\/09\/Youtube-768x432.jpg 768w, https:\/\/tamlymienhaidang.com\/wp-content\/uploads\/2022\/09\/Youtube-1536x864.jpg 1536w, https:\/\/tamlymienhaidang.com\/wp-content\/uploads\/2022\/09\/Youtube.jpg 1920w\" sizes=\"auto, (max-width: 711px) 100vw, 711px\" \/><\/p>\n<p>\u25baInstagram: <a class=\"qi72231t nu7423ey n3hqoq4p r86q59rh b3qcqh3k fq87ekyn bdao358l fsf7x5fv rse6dlih s5oniofx m8h3af8h l7ghb35v kjdc1dyq kmwttqpk srn514ro oxkhqvkx rl78xhln nch0832m cr00lzj9 rn8ck1ys s3jn8y49 icdlwmnq cxfqmxzd ezidihy3\" tabindex=\"0\" role=\"link\" href=\"https:\/\/instagram.com\/mienhaidang320?fbclid=IwAR2xYr_qXs939TJ35q6PWc6VSG-J3mJEKMnWr79Y-AvTmhc6pqDht-m6R3c\" target=\"_blank\" rel=\"nofollow noopener\">https:\/\/instagram.com\/mienhaidang320<\/a><\/p>\n<p>\u25baTiktok: <a class=\"qi72231t nu7423ey n3hqoq4p r86q59rh b3qcqh3k fq87ekyn bdao358l fsf7x5fv rse6dlih s5oniofx m8h3af8h l7ghb35v kjdc1dyq kmwttqpk srn514ro oxkhqvkx rl78xhln nch0832m cr00lzj9 rn8ck1ys s3jn8y49 icdlwmnq cxfqmxzd ezidihy3\" tabindex=\"0\" role=\"link\" href=\"https:\/\/vt.tiktok.com\/ZSdK3bgMx\/?fbclid=IwAR0za8te_pPTVPhvfu2L3zSG0UxzxpPy-d_ywy8fBMJmKmbzJD5m9BRp8L8\" target=\"_blank\" rel=\"nofollow noopener\">https:\/\/vt.tiktok.com\/ZSdK3bgMx\/<\/a><\/p>\n<p><img loading=\"lazy\" decoding=\"async\" class=\"size-medium wp-image-613 aligncenter\" src=\"https:\/\/tamlymienhaidang.com\/wp-content\/uploads\/2022\/09\/tiktok-800x374.jpg\" alt=\"\" width=\"800\" height=\"374\" srcset=\"https:\/\/tamlymienhaidang.com\/wp-content\/uploads\/2022\/09\/tiktok-800x374.jpg 800w, https:\/\/tamlymienhaidang.com\/wp-content\/uploads\/2022\/09\/tiktok-1400x655.jpg 1400w, https:\/\/tamlymienhaidang.com\/wp-content\/uploads\/2022\/09\/tiktok-768x359.jpg 768w, https:\/\/tamlymienhaidang.com\/wp-content\/uploads\/2022\/09\/tiktok-1536x718.jpg 1536w, https:\/\/tamlymienhaidang.com\/wp-content\/uploads\/2022\/09\/tiktok.jpg 1856w\" sizes=\"auto, (max-width: 800px) 100vw, 800px\" \/><\/p>\n\n","protected":false},"excerpt":{"rendered":"","protected":false},"author":1,"featured_media":0,"parent":0,"menu_order":0,"comment_status":"closed","ping_status":"closed","template":"","meta":{"footnotes":""},"class_list":["post-607","page","type-page","status-publish","hentry"],"_links":{"self":[{"href":"https:\/\/tamlymienhaidang.com\/en\/wp-json\/wp\/v2\/pages\/607","targetHints":{"allow":["GET"]}}],"collection":[{"href":"https:\/\/tamlymienhaidang.com\/en\/wp-json\/wp\/v2\/pages"}],"about":[{"href":"https:\/\/tamlymienhaidang.com\/en\/wp-json\/wp\/v2\/types\/page"}],"author":[{"embeddable":true,"href":"https:\/\/tamlymienhaidang.com\/en\/wp-json\/wp\/v2\/users\/1"}],"replies":[{"embeddable":true,"href":"https:\/\/tamlymienhaidang.com\/en\/wp-json\/wp\/v2\/comments?post=607"}],"version-history":[{"count":0,"href":"https:\/\/tamlymienhaidang.com\/en\/wp-json\/wp\/v2\/pages\/607\/revisions"}],"wp:attachment":[{"href":"https:\/\/tamlymienhaidang.com\/en\/wp-json\/wp\/v2\/media?parent=607"}],"curies":[{"name":"wp","href":"https:\/\/api.w.org\/{rel}","templated":true}]}}