{"id":618,"date":"2022-09-20T03:25:23","date_gmt":"2022-09-20T03:25:23","guid":{"rendered":"https:\/\/tamlymienhaidang.com\/?page_id=618"},"modified":"2025-05-24T07:29:11","modified_gmt":"2025-05-24T07:29:11","slug":"hop-tac-to-chuc","status":"publish","type":"page","link":"https:\/\/tamlymienhaidang.com\/en\/hop-tac-to-chuc\/","title":{"rendered":"Co-organize"},"content":{"rendered":"<div id=\"page-header-140749433\" class=\"page-header-wrapper\">\n  <div class=\"page-title dark featured-title\">\n\n    \n    <div class=\"page-title-inner container align-center text-center flex-row-col medium-flex-wrap\" >\n              <div class=\"title-wrapper flex-col\">\n          <h1 class=\"entry-title mb-0\">\n            Co-organize          <\/h1>\n        <\/div>\n                    <div class=\"title-content flex-col\">\n        <div class=\"title-breadcrumbs pb-half pt-half\"><\/div>      <\/div>\n    <\/div>\n\n       <\/div>\n    <\/div>\n  \n\n<nav aria-label=\"breadcrumbs\" class=\"rank-math-breadcrumb\"><p><span class=\"last\">Home<\/span><\/p><\/nav>\n<p>H\u01b0\u1edbng t\u1edbi s\u1ef1 ph\u00e1t tri\u1ec3n chung c\u1ee7a x\u00e3 h\u1ed9i, Mi\u1ec1n H\u1ea3i \u0110\u0103ng lu\u00f4n s\u1eb5n s\u00e0ng h\u1ed7 tr\u1ee3 c\u00e1c \u0111o\u00e0n th\u1ec3, t\u1ed5 ch\u1ee9c t\u1ea1o n\u00ean c\u00e1c s\u1ef1 ki\u1ec7n mang l\u1ea1i nhi\u1ec1u l\u1ee3i \u00edch cho c\u1ed9ng \u0111\u1ed3ng. Ch\u00fang t\u00f4i nh\u1eadn th\u1ea5y, s\u1ef1 k\u1ebft h\u1ee3p gi\u1eefa ki\u1ebfn th\u1ee9c c\u1ee7a t\u00e2m l\u00fd h\u1ecdc v\u1edbi c\u00e1c l\u0129nh v\u1ef1c li\u00ean ng\u00e0nh c\u00f3 th\u1ec3 mang l\u1ea1i nhi\u1ec1u gi\u00e1 tr\u1ecb to l\u1edbn h\u01a1n cho m\u1ecdi ng\u01b0\u1eddi.\u00a0<\/p>\n<p>C\u00f9ng s\u1ef1 h\u1ee3p t\u00e1c, Mi\u1ec1n H\u1ea3i \u0110\u0103ng c\u00f3 th\u1ec3 n\u1eafm gi\u1eef nh\u1eefng vai tr\u00f2 kh\u00e1c nhau:<\/p>\n<ul>\n<li>\u0110\u01a1n v\u1ecb \u0111\u1ed3ng t\u1ed5 ch\u1ee9c<\/li>\n<li>\u0110\u01a1n v\u1ecb t\u00e0i tr\u1ee3<\/li>\n<li>\u0110\u01a1n v\u1ecb h\u1ed7 tr\u1ee3 t\u1ed5 ch\u1ee9c<\/li>\n<li>\u0110\u01a1n v\u1ecb h\u1ed7 tr\u1ee3 chuy\u00ean m\u00f4n ki\u1ebfn th\u1ee9c T\u00e2m l\u00fd h\u1ecdc\u00a0\u00a0<\/li>\n<li>&#8230;&#8230;<\/li>\n<\/ul>\n<p>Mi\u1ec1n H\u1ea3i \u0110\u0103ng tin r\u1eb1ng, h\u1ee3p t\u00e1c c\u00f9ng nhau, ch\u00fang ta c\u00f3 th\u1ec3 l\u00e0m cho x\u00e3 h\u1ed9i n\u00e0y ng\u00e0y m\u1ed9t t\u1ed1t \u0111\u1eb9p h\u01a1n!<\/p>\n<p>Ch\u00fang t\u00f4i mong ch\u1edd nh\u1eefng l\u1eddi m\u1eddi h\u1ee3p t\u00e1c\u00a0<a href=\"https:\/\/tamlymienhaidang.com\/en\/lien-he-voi-chung-toi\/\">t\u1ea1i \u0111\u00e2y<\/a>.<\/p>","protected":false},"excerpt":{"rendered":"","protected":false},"author":1,"featured_media":0,"parent":0,"menu_order":0,"comment_status":"closed","ping_status":"closed","template":"","meta":{"footnotes":""},"class_list":["post-618","page","type-page","status-publish","hentry"],"_links":{"self":[{"href":"https:\/\/tamlymienhaidang.com\/en\/wp-json\/wp\/v2\/pages\/618","targetHints":{"allow":["GET"]}}],"collection":[{"href":"https:\/\/tamlymienhaidang.com\/en\/wp-json\/wp\/v2\/pages"}],"about":[{"href":"https:\/\/tamlymienhaidang.com\/en\/wp-json\/wp\/v2\/types\/page"}],"author":[{"embeddable":true,"href":"https:\/\/tamlymienhaidang.com\/en\/wp-json\/wp\/v2\/users\/1"}],"replies":[{"embeddable":true,"href":"https:\/\/tamlymienhaidang.com\/en\/wp-json\/wp\/v2\/comments?post=618"}],"version-history":[{"count":0,"href":"https:\/\/tamlymienhaidang.com\/en\/wp-json\/wp\/v2\/pages\/618\/revisions"}],"wp:attachment":[{"href":"https:\/\/tamlymienhaidang.com\/en\/wp-json\/wp\/v2\/media?parent=618"}],"curies":[{"name":"wp","href":"https:\/\/api.w.org\/{rel}","templated":true}]}}