{"id":700,"date":"2022-10-14T07:35:15","date_gmt":"2022-10-14T07:35:15","guid":{"rendered":"https:\/\/tamlymienhaidang.com\/?page_id=700"},"modified":"2025-05-24T08:07:17","modified_gmt":"2025-05-24T08:07:17","slug":"tuyen-dung","status":"publish","type":"page","link":"https:\/\/tamlymienhaidang.com\/en\/tuyen-dung\/","title":{"rendered":"Recruitment"},"content":{"rendered":"\n  <div id=\"page-header-1108977992\" class=\"page-header-wrapper\">\n  <div class=\"page-title dark featured-title\">\n\n    \n    <div class=\"page-title-inner container align-center text-center flex-row-col medium-flex-wrap\" >\n              <div class=\"title-wrapper is-xxlarge flex-col\">\n          <h1 class=\"entry-title mb-0\">\n            Tuy\u1ec3n d\u1ee5ng          <\/h1>\n        <\/div>\n                    <div class=\"title-content flex-col\">\n        <div class=\"title-breadcrumbs pb-half pt-half\"><\/div>      <\/div>\n    <\/div>\n\n     \n<style>\n#page-header-1108977992 {\n  margin-bottom: 0px;\n}\n<\/style>\n  <\/div>\n    <\/div>\n  \n\n<nav aria-label=\"breadcrumbs\" class=\"rank-math-breadcrumb\"><p><span class=\"last\">Home<\/span><\/p><\/nav>\n\n  \n    <div class=\"row large-columns-1 medium-columns-1 small-columns-1\">\n  <div class=\"col post-item\" >\n\t\t\t<div class=\"col-inner\">\n\t\t\t<a href=\"https:\/\/tamlymienhaidang.com\/en\/2025\/02\/03\/tuyen-ctv-truyen-thong-du-an-12-tuan-tich-cuc\/\" class=\"plain\">\n\t\t\t\t<div class=\"box box-vertical box-text-top box-blog-post has-hover\">\n            \t\t\t\t\t<div class=\"box-image\" style=\"width:20%;\">\n  \t\t\t\t\t\t<div class=\"image-cover\" style=\"padding-top:100%;\">\n  \t\t\t\t\t\t\t<img loading=\"lazy\" decoding=\"async\" width=\"600\" height=\"400\" src=\"https:\/\/tamlymienhaidang.com\/wp-content\/uploads\/2025\/02\/Tuyen-CTV-truyen-thong-3-2-600x400.png\" class=\"attachment-medium size-medium wp-post-image\" alt=\"\" srcset=\"https:\/\/tamlymienhaidang.com\/wp-content\/uploads\/2025\/02\/Tuyen-CTV-truyen-thong-3-2-600x400.png 600w, https:\/\/tamlymienhaidang.com\/wp-content\/uploads\/2025\/02\/Tuyen-CTV-truyen-thong-3-2-1200x800.png 1200w, https:\/\/tamlymienhaidang.com\/wp-content\/uploads\/2025\/02\/Tuyen-CTV-truyen-thong-3-2-768x512.png 768w, https:\/\/tamlymienhaidang.com\/wp-content\/uploads\/2025\/02\/Tuyen-CTV-truyen-thong-3-2-1536x1024.png 1536w, https:\/\/tamlymienhaidang.com\/wp-content\/uploads\/2025\/02\/Tuyen-CTV-truyen-thong-3-2.png 1920w\" sizes=\"auto, (max-width: 600px) 100vw, 600px\" \/>  \t\t\t\t\t\t\t  \t\t\t\t\t\t\t  \t\t\t\t\t\t<\/div>\n  \t\t\t\t\t\t  \t\t\t\t\t<\/div>\n          \t\t\t\t\t<div class=\"box-text text-left is-large\" >\n\t\t\t\t\t<div class=\"box-text-inner blog-post-inner\">\n\n\t\t\t\t\t\n\t\t\t\t\t\t\t\t\t\t<h5 class=\"post-title is-large \">D\u1ef0 \u00c1N \u201c12 TU\u1ea6N T\u00cdCH C\u1ef0C\u201d &#8211; T\u00ccM KI\u1ebeM\u00a0 CTV TRUY\u1ec0N TH\u00d4NG<\/h5>\n\t\t\t\t\t\t\t\t\t\t<div class=\"is-divider\"><\/div>\n\t\t\t\t\t\t\t\t\t\t<p class=\"from_the_blog_excerpt \">Ti\u1ebfp n\u1ed1i th\u00e0nh c\u00f4ng c\u1ee7a 3 m\u00f9a \u201cL\u1eafng nghe kh\u00f4ng ph\u00e1n x\u00e9t\u201d, d\u1ef1 \u00e1n c\u1ed9ng \u0111\u1ed3ng \u201c12 tu\u1ea7n t\u00edch c\u1ef1c\u201d ch\u00ednh th\u1ee9c kh\u1edfi \u0111\u1ed9ng v\u1edbi mong mu\u1ed1n ki\u1ebfn t\u1ea1o m\u1ed9t kh\u00f4ng gian c\u1edfi m\u1edf, an to\u00e0n, chuy\u00ean m\u00f4n cao, h\u1ed7 tr\u1ee3 t\u00e2m l\u00fd chuy\u00ean nghi\u1ec7p d\u00e0nh cho c\u1ed9ng \u0111\u1ed3ng. M\u1ecdi [...]\t\t\t\t\t<\/p>\n\t\t\t\t\t                    \n\t\t\t\t\t\n\t\t\t\t\t\n\t\t\t\t\t<\/div>\n\t\t\t\t\t<\/div>\n\t\t\t\t\t\t\t\t\t\t\t\t\t\t\t\t<div class=\"badge absolute top post-date badge-outline\">\n\t\t\t\t\t\t\t<div class=\"badge-inner\">\n\t\t\t\t\t\t\t\t<span class=\"post-date-day\">03<\/span><br>\n\t\t\t\t\t\t\t\t<span class=\"post-date-month is-xsmall\">Feb<\/span>\n\t\t\t\t\t\t\t<\/div>\n\t\t\t\t\t\t<\/div>\n\t\t\t\t\t\t\t\t\t<\/div>\n\t\t\t\t<\/a>\n\t\t\t<\/div>\n\t\t<\/div><div class=\"col post-item\" >\n\t\t\t<div class=\"col-inner\">\n\t\t\t<a href=\"https:\/\/tamlymienhaidang.com\/en\/2025\/01\/24\/tim-cong-tac-vien-tam-ly-hoc\/\" class=\"plain\">\n\t\t\t\t<div class=\"box box-vertical box-text-top box-blog-post has-hover\">\n            \t\t\t\t\t<div class=\"box-image\" style=\"width:20%;\">\n  \t\t\t\t\t\t<div class=\"image-cover\" style=\"padding-top:100%;\">\n  \t\t\t\t\t\t\t<img loading=\"lazy\" decoding=\"async\" width=\"610\" height=\"400\" src=\"https:\/\/tamlymienhaidang.com\/wp-content\/uploads\/2025\/01\/tuyen-06-610x400.jpg\" class=\"attachment-medium size-medium wp-post-image\" alt=\"\" srcset=\"https:\/\/tamlymienhaidang.com\/wp-content\/uploads\/2025\/01\/tuyen-06-610x400.jpg 610w, https:\/\/tamlymienhaidang.com\/wp-content\/uploads\/2025\/01\/tuyen-06-1220x800.jpg 1220w, https:\/\/tamlymienhaidang.com\/wp-content\/uploads\/2025\/01\/tuyen-06-768x503.jpg 768w, https:\/\/tamlymienhaidang.com\/wp-content\/uploads\/2025\/01\/tuyen-06-1536x1007.jpg 1536w, https:\/\/tamlymienhaidang.com\/wp-content\/uploads\/2025\/01\/tuyen-06.jpg 1765w\" sizes=\"auto, (max-width: 610px) 100vw, 610px\" \/>  \t\t\t\t\t\t\t  \t\t\t\t\t\t\t  \t\t\t\t\t\t<\/div>\n  \t\t\t\t\t\t  \t\t\t\t\t<\/div>\n          \t\t\t\t\t<div class=\"box-text text-left is-large\" >\n\t\t\t\t\t<div class=\"box-text-inner blog-post-inner\">\n\n\t\t\t\t\t\n\t\t\t\t\t\t\t\t\t\t<h5 class=\"post-title is-large \">TUY\u1ec2N C\u1ed8NG T\u00c1C VI\u00caN T\u00c2M L\u00dd H\u1eccC<\/h5>\n\t\t\t\t\t\t\t\t\t\t<div class=\"is-divider\"><\/div>\n\t\t\t\t\t\t\t\t\t\t<p class=\"from_the_blog_excerpt \">\u201c12 Tu\u1ea7n T\u00edch C\u1ef1c\u201d l\u00e0 m\u1ed9t ch\u01b0\u01a1ng tr\u00ecnh h\u1ed7 tr\u1ee3 t\u00e2m l\u00fd tr\u1ef1c tuy\u1ebfn do V\u0103n ph\u00f2ng T\u00e2m l\u00fd Mi\u1ec1n H\u1ea3i \u0110\u0103ng kh\u1edfi x\u01b0\u1edbng v\u00e0 \u0111i\u1ec1u h\u00e0nh. D\u1ef1 \u00e1n \u00e1p d\u1ee5ng n\u1ec1n t\u1ea3ng T\u00e2m l\u00fd h\u1ecdc T\u00edch c\u1ef1c, h\u01b0\u1edbng t\u1edbi vi\u1ec7c gi\u00fap ng\u01b0\u1eddi tham gia n\u00e2ng cao s\u1ee9c kh\u1ecfe tinh [...]\t\t\t\t\t<\/p>\n\t\t\t\t\t                    \n\t\t\t\t\t\n\t\t\t\t\t\n\t\t\t\t\t<\/div>\n\t\t\t\t\t<\/div>\n\t\t\t\t\t\t\t\t\t\t\t\t\t\t\t\t<div class=\"badge absolute top post-date badge-outline\">\n\t\t\t\t\t\t\t<div class=\"badge-inner\">\n\t\t\t\t\t\t\t\t<span class=\"post-date-day\">24<\/span><br>\n\t\t\t\t\t\t\t\t<span class=\"post-date-month is-xsmall\">Jan<\/span>\n\t\t\t\t\t\t\t<\/div>\n\t\t\t\t\t\t<\/div>\n\t\t\t\t\t\t\t\t\t<\/div>\n\t\t\t\t<\/a>\n\t\t\t<\/div>\n\t\t<\/div><div class=\"col post-item\" >\n\t\t\t<div class=\"col-inner\">\n\t\t\t<a href=\"https:\/\/tamlymienhaidang.com\/en\/2024\/12\/17\/tim-core-team\/\" class=\"plain\">\n\t\t\t\t<div class=\"box box-vertical box-text-top box-blog-post has-hover\">\n            \t\t\t\t\t<div class=\"box-image\" style=\"width:20%;\">\n  \t\t\t\t\t\t<div class=\"image-cover\" style=\"padding-top:100%;\">\n  \t\t\t\t\t\t\t<img loading=\"lazy\" decoding=\"async\" width=\"400\" height=\"400\" src=\"https:\/\/tamlymienhaidang.com\/wp-content\/uploads\/2024\/12\/TIM-CORETEAM-400x400.jpg\" class=\"attachment-medium size-medium wp-post-image\" alt=\"\" srcset=\"https:\/\/tamlymienhaidang.com\/wp-content\/uploads\/2024\/12\/TIM-CORETEAM-400x400.jpg 400w, https:\/\/tamlymienhaidang.com\/wp-content\/uploads\/2024\/12\/TIM-CORETEAM-800x800.jpg 800w, https:\/\/tamlymienhaidang.com\/wp-content\/uploads\/2024\/12\/TIM-CORETEAM-280x280.jpg 280w, https:\/\/tamlymienhaidang.com\/wp-content\/uploads\/2024\/12\/TIM-CORETEAM-768x768.jpg 768w, https:\/\/tamlymienhaidang.com\/wp-content\/uploads\/2024\/12\/TIM-CORETEAM.jpg 1080w\" sizes=\"auto, (max-width: 400px) 100vw, 400px\" \/>  \t\t\t\t\t\t\t  \t\t\t\t\t\t\t  \t\t\t\t\t\t<\/div>\n  \t\t\t\t\t\t  \t\t\t\t\t<\/div>\n          \t\t\t\t\t<div class=\"box-text text-left is-large\" >\n\t\t\t\t\t<div class=\"box-text-inner blog-post-inner\">\n\n\t\t\t\t\t\n\t\t\t\t\t\t\t\t\t\t<h5 class=\"post-title is-large \">V\u0102N PH\u00d2NG T\u00c2M L\u00dd MI\u1ec0N H\u1ea2I \u0110\u0102NG T\u00ccM CORE TEAM C\u00d9NG \u0110\u1ed2NG H\u00c0NH PH\u00c1T TRI\u1ec2N<\/h5>\n\t\t\t\t\t\t\t\t\t\t<div class=\"is-divider\"><\/div>\n\t\t\t\t\t\t\t\t\t\t<p class=\"from_the_blog_excerpt \">Xin ch\u00e0o c\u00e1c b\u1ea1n th\u01b0\u01a1ng m\u1ebfn, ch\u00fang t\u00f4i l\u00e0 \u0111\u1ed9i ng\u0169 s\u00e1ng l\u1eadp tr\u00e0n \u0111\u1ea7y \u0111am m\u00ea v\u00e0 nhi\u1ec7t huy\u1ebft c\u1ee7a Mi\u1ec1n H\u1ea3i \u0110\u0103ng &#8211; m\u1ed9t v\u0103n ph\u00f2ng tham v\u1ea5n tr\u1ecb li\u1ec7u t\u00e2m l\u00fd \u0111\u1ed9c l\u1eadp v\u00e0 chuy\u00ean nghi\u1ec7p, \u0111\u01b0\u1ee3c t\u1ea1o ra nh\u1eb1m m\u1ee5c ti\u00eau h\u1ed7 tr\u1ee3 can thi\u1ec7p cho [...]\t\t\t\t\t<\/p>\n\t\t\t\t\t                    \n\t\t\t\t\t\n\t\t\t\t\t\n\t\t\t\t\t<\/div>\n\t\t\t\t\t<\/div>\n\t\t\t\t\t\t\t\t\t\t\t\t\t\t\t\t<div class=\"badge absolute top post-date badge-outline\">\n\t\t\t\t\t\t\t<div class=\"badge-inner\">\n\t\t\t\t\t\t\t\t<span class=\"post-date-day\">17<\/span><br>\n\t\t\t\t\t\t\t\t<span class=\"post-date-month is-xsmall\">Dec<\/span>\n\t\t\t\t\t\t\t<\/div>\n\t\t\t\t\t\t<\/div>\n\t\t\t\t\t\t\t\t\t<\/div>\n\t\t\t\t<\/a>\n\t\t\t<\/div>\n\t\t<\/div><div class=\"col post-item\" >\n\t\t\t<div class=\"col-inner\">\n\t\t\t<a href=\"https:\/\/tamlymienhaidang.com\/en\/2024\/12\/10\/thong-tin-ve-vi-tri-ho-tro-vien-tam-ly-hoc-truc-tuyen\/\" class=\"plain\">\n\t\t\t\t<div class=\"box box-vertical box-text-top box-blog-post has-hover\">\n            \t\t\t\t\t<div class=\"box-image\" style=\"width:20%;\">\n  \t\t\t\t\t\t<div class=\"image-cover\" style=\"padding-top:100%;\">\n  \t\t\t\t\t\t\t<img loading=\"lazy\" decoding=\"async\" width=\"613\" height=\"400\" src=\"https:\/\/tamlymienhaidang.com\/wp-content\/uploads\/2025\/02\/tuyen-04-613x400.jpg\" class=\"attachment-medium size-medium wp-post-image\" alt=\"\" srcset=\"https:\/\/tamlymienhaidang.com\/wp-content\/uploads\/2025\/02\/tuyen-04-613x400.jpg 613w, https:\/\/tamlymienhaidang.com\/wp-content\/uploads\/2025\/02\/tuyen-04-1226x800.jpg 1226w, https:\/\/tamlymienhaidang.com\/wp-content\/uploads\/2025\/02\/tuyen-04-768x501.jpg 768w, https:\/\/tamlymienhaidang.com\/wp-content\/uploads\/2025\/02\/tuyen-04-1536x1003.jpg 1536w, https:\/\/tamlymienhaidang.com\/wp-content\/uploads\/2025\/02\/tuyen-04.jpg 1572w\" sizes=\"auto, (max-width: 613px) 100vw, 613px\" \/>  \t\t\t\t\t\t\t  \t\t\t\t\t\t\t  \t\t\t\t\t\t<\/div>\n  \t\t\t\t\t\t  \t\t\t\t\t<\/div>\n          \t\t\t\t\t<div class=\"box-text text-left is-large\" >\n\t\t\t\t\t<div class=\"box-text-inner blog-post-inner\">\n\n\t\t\t\t\t\n\t\t\t\t\t\t\t\t\t\t<h5 class=\"post-title is-large \">TH\u00d4NG TIN V\u1ec0 V\u1eca TR\u00cd H\u1ed6 TR\u1ee2 VI\u00caN T\u00c2M L\u00dd H\u1eccC TR\u1ef0C TUY\u1ebeN<\/h5>\n\t\t\t\t\t\t\t\t\t\t<div class=\"is-divider\"><\/div>\n\t\t\t\t\t\t\t\t\t\t<p class=\"from_the_blog_excerpt \">C\u1ed9ng \u0111\u1ed3ng \u201c12 tu\u1ea7n t\u00edch c\u1ef1c\u201d tuy\u1ec3n h\u1ed7 tr\u1ee3 vi\u00ean t\u00e2m l\u00fd tr\u1ef1c tuy\u1ebfn &#8211; C\u01a0 H\u1ed8I D\u00c0NH CHO T\u1ea4T C\u1ea2 NH\u1eeeNG AI \u0110AM M\u00ca T\u00c2M L\u00dd H\u1eccC &amp; MU\u1ed0N \u0110\u00d3NG G\u00d3P CHO C\u1ed8NG \u0110\u1ed2NG Trong qu\u00e1 tr\u00ecnh tham v\u1ea5n tr\u1ecb li\u1ec7u c\u0169ng nh\u01b0 c\u00e1c d\u1ef1 \u00e1n c\u1ed9ng \u0111\u1ed3ng ho\u1ea1t [...]\t\t\t\t\t<\/p>\n\t\t\t\t\t                    \n\t\t\t\t\t\n\t\t\t\t\t\n\t\t\t\t\t<\/div>\n\t\t\t\t\t<\/div>\n\t\t\t\t\t\t\t\t\t\t\t\t\t\t\t\t<div class=\"badge absolute top post-date badge-outline\">\n\t\t\t\t\t\t\t<div class=\"badge-inner\">\n\t\t\t\t\t\t\t\t<span class=\"post-date-day\">10<\/span><br>\n\t\t\t\t\t\t\t\t<span class=\"post-date-month is-xsmall\">Dec<\/span>\n\t\t\t\t\t\t\t<\/div>\n\t\t\t\t\t\t<\/div>\n\t\t\t\t\t\t\t\t\t<\/div>\n\t\t\t\t<\/a>\n\t\t\t<\/div>\n\t\t<\/div><div class=\"col post-item\" >\n\t\t\t<div class=\"col-inner\">\n\t\t\t<a href=\"https:\/\/tamlymienhaidang.com\/en\/2024\/09\/26\/tuyen-cong-tac-vien-cho-du-an-lang-nghe-khong-phan-xet-mua-3\/\" class=\"plain\">\n\t\t\t\t<div class=\"box box-vertical box-text-top box-blog-post has-hover\">\n            \t\t\t\t\t<div class=\"box-image\" style=\"width:20%;\">\n  \t\t\t\t\t\t<div class=\"image-cover\" style=\"padding-top:100%;\">\n  \t\t\t\t\t\t\t<img loading=\"lazy\" decoding=\"async\" width=\"366\" height=\"400\" src=\"https:\/\/tamlymienhaidang.com\/wp-content\/uploads\/2024\/09\/tuyen-CTV-04-366x400.jpg\" class=\"attachment-medium size-medium wp-post-image\" alt=\"\" srcset=\"https:\/\/tamlymienhaidang.com\/wp-content\/uploads\/2024\/09\/tuyen-CTV-04-366x400.jpg 366w, https:\/\/tamlymienhaidang.com\/wp-content\/uploads\/2024\/09\/tuyen-CTV-04-732x800.jpg 732w, https:\/\/tamlymienhaidang.com\/wp-content\/uploads\/2024\/09\/tuyen-CTV-04-768x839.jpg 768w, https:\/\/tamlymienhaidang.com\/wp-content\/uploads\/2024\/09\/tuyen-CTV-04-1405x1536.jpg 1405w, https:\/\/tamlymienhaidang.com\/wp-content\/uploads\/2024\/09\/tuyen-CTV-04.jpg 1744w\" sizes=\"auto, (max-width: 366px) 100vw, 366px\" \/>  \t\t\t\t\t\t\t  \t\t\t\t\t\t\t  \t\t\t\t\t\t<\/div>\n  \t\t\t\t\t\t  \t\t\t\t\t<\/div>\n          \t\t\t\t\t<div class=\"box-text text-left is-large\" >\n\t\t\t\t\t<div class=\"box-text-inner blog-post-inner\">\n\n\t\t\t\t\t\n\t\t\t\t\t\t\t\t\t\t<h5 class=\"post-title is-large \">Tuy\u1ec3n c\u1ed9ng t\u00e1c vi\u00ean cho d\u1ef1 \u00e1n &#8220;L\u1eafng nghe kh\u00f4ng ph\u00e1n x\u00e9t&#8221; &#8211; m\u00f9a 3<\/h5>\n\t\t\t\t\t\t\t\t\t\t<div class=\"is-divider\"><\/div>\n\t\t\t\t\t\t\t\t\t\t<p class=\"from_the_blog_excerpt \">D\u1ef1 \u00e1n h\u1ed7 tr\u1ee3 t\u00e2m l\u00fd mi\u1ec5n ph\u00ed cho c\u1ed9ng \u0111\u1ed3ng &#8220;L\u1eafng nghe kh\u00f4ng ph\u00e1n x\u00e9t&#8221; m\u00f9a 3 tuy\u1ec3n c\u1ed9ng t\u00e1c vi\u00ean!!! ( L\u01b0u \u00fd: Th\u1eddi h\u1ea1n \u0111\u0103ng k\u00fd \u1ee9ng tuy\u1ec3n t\u1eeb 26\/09\/2024 &#8211; 02\/10\/2024 ) K\u1ebft th\u00fac d\u1ef1 \u00e1n 2 m\u00f9a \u0111\u00e3 qua v\u00e0o n\u0103m 2022 v\u00e0 2023, \u0111i\u1ec1u [...]\t\t\t\t\t<\/p>\n\t\t\t\t\t                    \n\t\t\t\t\t\n\t\t\t\t\t\n\t\t\t\t\t<\/div>\n\t\t\t\t\t<\/div>\n\t\t\t\t\t\t\t\t\t\t\t\t\t\t\t\t<div class=\"badge absolute top post-date badge-outline\">\n\t\t\t\t\t\t\t<div class=\"badge-inner\">\n\t\t\t\t\t\t\t\t<span class=\"post-date-day\">26<\/span><br>\n\t\t\t\t\t\t\t\t<span class=\"post-date-month is-xsmall\">Sep<\/span>\n\t\t\t\t\t\t\t<\/div>\n\t\t\t\t\t\t<\/div>\n\t\t\t\t\t\t\t\t\t<\/div>\n\t\t\t\t<\/a>\n\t\t\t<\/div>\n\t\t<\/div><div class=\"col post-item\" >\n\t\t\t<div class=\"col-inner\">\n\t\t\t<a href=\"https:\/\/tamlymienhaidang.com\/en\/2023\/09\/11\/tuyen-cong-tac-vien-cho-du-an-lang-nghe-khong-phan-xet-2\/\" class=\"plain\">\n\t\t\t\t<div class=\"box box-vertical box-text-top box-blog-post has-hover\">\n            \t\t\t\t\t<div class=\"box-image\" style=\"width:20%;\">\n  \t\t\t\t\t\t<div class=\"image-cover\" style=\"padding-top:100%;\">\n  \t\t\t\t\t\t\t<img loading=\"lazy\" decoding=\"async\" width=\"540\" height=\"400\" src=\"https:\/\/tamlymienhaidang.com\/wp-content\/uploads\/2023\/09\/tuyen-cong-tac-540x400.jpg\" class=\"attachment-medium size-medium wp-post-image\" alt=\"\" srcset=\"https:\/\/tamlymienhaidang.com\/wp-content\/uploads\/2023\/09\/tuyen-cong-tac-540x400.jpg 540w, https:\/\/tamlymienhaidang.com\/wp-content\/uploads\/2023\/09\/tuyen-cong-tac-1079x800.jpg 1079w, https:\/\/tamlymienhaidang.com\/wp-content\/uploads\/2023\/09\/tuyen-cong-tac-768x569.jpg 768w, https:\/\/tamlymienhaidang.com\/wp-content\/uploads\/2023\/09\/tuyen-cong-tac.jpg 1280w\" sizes=\"auto, (max-width: 540px) 100vw, 540px\" \/>  \t\t\t\t\t\t\t  \t\t\t\t\t\t\t  \t\t\t\t\t\t<\/div>\n  \t\t\t\t\t\t  \t\t\t\t\t<\/div>\n          \t\t\t\t\t<div class=\"box-text text-left is-large\" >\n\t\t\t\t\t<div class=\"box-text-inner blog-post-inner\">\n\n\t\t\t\t\t\n\t\t\t\t\t\t\t\t\t\t<h5 class=\"post-title is-large \">Tuy\u1ec3n C\u1ed9ng T\u00e1c Vi\u00ean cho d\u1ef1 \u00e1n \u201cL\u1eafng nghe kh\u00f4ng ph\u00e1n x\u00e9t\u201d &#8211; m\u00f9a 2<\/h5>\n\t\t\t\t\t\t\t\t\t\t<div class=\"is-divider\"><\/div>\n\t\t\t\t\t\t\t\t\t\t<p class=\"from_the_blog_excerpt \">\u0110\u1ebfn h\u1eb9n l\u1ea1i l\u00ean!!! D\u1ef1 \u00e1n &#8220;L\u1eafng nghe kh\u00f4ng ph\u00e1n x\u00e9t&#8221; m\u00f9a 2 tuy\u1ec3n c\u1ed9ng t\u00e1c vi\u00ean!!! K\u1ebft th\u00fac d\u1ef1 \u00e1n m\u00f9a 1, \u0111i\u1ec1u Mi\u1ec1n H\u1ea3i \u0110\u0103ng v\u00f4 c\u00f9ng t\u1ef1 h\u00e0o ch\u00ednh l\u00e0 nh\u00ecn th\u1ea5y s\u1ef1 ph\u00e1t tri\u1ec3n r\u00f5 r\u1ec7t v\u1ec1 chuy\u00ean m\u00f4n c\u1ee7a c\u00e1c b\u1ea1n c\u1ed9ng t\u00e1c vi\u00ean d\u1ef1 [...]\t\t\t\t\t<\/p>\n\t\t\t\t\t                    \n\t\t\t\t\t\n\t\t\t\t\t\n\t\t\t\t\t<\/div>\n\t\t\t\t\t<\/div>\n\t\t\t\t\t\t\t\t\t\t\t\t\t\t\t\t<div class=\"badge absolute top post-date badge-outline\">\n\t\t\t\t\t\t\t<div class=\"badge-inner\">\n\t\t\t\t\t\t\t\t<span class=\"post-date-day\">11<\/span><br>\n\t\t\t\t\t\t\t\t<span class=\"post-date-month is-xsmall\">Sep<\/span>\n\t\t\t\t\t\t\t<\/div>\n\t\t\t\t\t\t<\/div>\n\t\t\t\t\t\t\t\t\t<\/div>\n\t\t\t\t<\/a>\n\t\t\t<\/div>\n\t\t<\/div><div class=\"col post-item\" >\n\t\t\t<div class=\"col-inner\">\n\t\t\t<a href=\"https:\/\/tamlymienhaidang.com\/en\/2022\/10\/25\/tuyen-cong-tac-vien-cho-du-an-lang-nghe-khong-phan-xet\/\" class=\"plain\">\n\t\t\t\t<div class=\"box box-vertical box-text-top box-blog-post has-hover\">\n            \t\t\t\t\t<div class=\"box-image\" style=\"width:20%;\">\n  \t\t\t\t\t\t<div class=\"image-cover\" style=\"padding-top:100%;\">\n  \t\t\t\t\t\t\t<img loading=\"lazy\" decoding=\"async\" width=\"618\" height=\"400\" src=\"https:\/\/tamlymienhaidang.com\/wp-content\/uploads\/2022\/10\/banner-tuyen-CTV-web-618x400.jpg\" class=\"attachment-medium size-medium wp-post-image\" alt=\"\" srcset=\"https:\/\/tamlymienhaidang.com\/wp-content\/uploads\/2022\/10\/banner-tuyen-CTV-web-618x400.jpg 618w, https:\/\/tamlymienhaidang.com\/wp-content\/uploads\/2022\/10\/banner-tuyen-CTV-web-1235x800.jpg 1235w, https:\/\/tamlymienhaidang.com\/wp-content\/uploads\/2022\/10\/banner-tuyen-CTV-web-768x497.jpg 768w, https:\/\/tamlymienhaidang.com\/wp-content\/uploads\/2022\/10\/banner-tuyen-CTV-web.jpg 1280w\" sizes=\"auto, (max-width: 618px) 100vw, 618px\" \/>  \t\t\t\t\t\t\t  \t\t\t\t\t\t\t  \t\t\t\t\t\t<\/div>\n  \t\t\t\t\t\t  \t\t\t\t\t<\/div>\n          \t\t\t\t\t<div class=\"box-text text-left is-large\" >\n\t\t\t\t\t<div class=\"box-text-inner blog-post-inner\">\n\n\t\t\t\t\t\n\t\t\t\t\t\t\t\t\t\t<h5 class=\"post-title is-large \">Tuy\u1ec3n C\u1ed9ng T\u00e1c Vi\u00ean cho d\u1ef1 \u00e1n &#8220;L\u1eafng nghe kh\u00f4ng ph\u00e1n x\u00e9t&#8221; &#8211; m\u00f9a 1<\/h5>\n\t\t\t\t\t\t\t\t\t\t<div class=\"is-divider\"><\/div>\n\t\t\t\t\t\t\t\t\t\t<p class=\"from_the_blog_excerpt \">Trong su\u1ed1t qu\u00e1 tr\u00ecnh h\u1ecdc t\u1eadp v\u00e0 l\u00e0m vi\u1ec7c, Mi\u1ec1n H\u1ea3i \u0110\u0103ng ch\u00fang t\u00f4i nh\u1eadn th\u1ea5y c\u00f3 r\u1ea5t \u00edt c\u01a1 h\u1ed9i th\u1ef1c h\u00e0nh ngh\u1ec1 trong th\u1ef1c t\u1ebf d\u00e0nh cho c\u00e1c b\u1ea1n sinh vi\u00ean ng\u00e0nh T\u00e2m l\u00fd h\u1ecdc. \u0110i\u1ec1u n\u00e0y \u0111\u00e3 \u1ea3nh h\u01b0\u1edfng l\u1edbn t\u1edbi vi\u1ec7c x\u00e3 h\u1ed9i thi\u1ebfu h\u1ee5t \u0111\u1ed9i [...]\t\t\t\t\t<\/p>\n\t\t\t\t\t                    \n\t\t\t\t\t\n\t\t\t\t\t\n\t\t\t\t\t<\/div>\n\t\t\t\t\t<\/div>\n\t\t\t\t\t\t\t\t\t\t\t\t\t\t\t\t<div class=\"badge absolute top post-date badge-outline\">\n\t\t\t\t\t\t\t<div class=\"badge-inner\">\n\t\t\t\t\t\t\t\t<span class=\"post-date-day\">25<\/span><br>\n\t\t\t\t\t\t\t\t<span class=\"post-date-month is-xsmall\">Oct<\/span>\n\t\t\t\t\t\t\t<\/div>\n\t\t\t\t\t\t<\/div>\n\t\t\t\t\t\t\t\t\t<\/div>\n\t\t\t\t<\/a>\n\t\t\t<\/div>\n\t\t<\/div><\/div>\n\n\t<div id=\"gap-269891931\" class=\"gap-element clearfix\" style=\"display:block; height:auto;\">\n\t\t\n<style>\n#gap-269891931 {\n  padding-top: 30px;\n}\n<\/style>\n\t<\/div>\n\t\n\n\n","protected":false},"excerpt":{"rendered":"","protected":false},"author":1,"featured_media":0,"parent":0,"menu_order":0,"comment_status":"closed","ping_status":"closed","template":"","meta":{"footnotes":""},"class_list":["post-700","page","type-page","status-publish","hentry"],"_links":{"self":[{"href":"https:\/\/tamlymienhaidang.com\/en\/wp-json\/wp\/v2\/pages\/700","targetHints":{"allow":["GET"]}}],"collection":[{"href":"https:\/\/tamlymienhaidang.com\/en\/wp-json\/wp\/v2\/pages"}],"about":[{"href":"https:\/\/tamlymienhaidang.com\/en\/wp-json\/wp\/v2\/types\/page"}],"author":[{"embeddable":true,"href":"https:\/\/tamlymienhaidang.com\/en\/wp-json\/wp\/v2\/users\/1"}],"replies":[{"embeddable":true,"href":"https:\/\/tamlymienhaidang.com\/en\/wp-json\/wp\/v2\/comments?post=700"}],"version-history":[{"count":0,"href":"https:\/\/tamlymienhaidang.com\/en\/wp-json\/wp\/v2\/pages\/700\/revisions"}],"wp:attachment":[{"href":"https:\/\/tamlymienhaidang.com\/en\/wp-json\/wp\/v2\/media?parent=700"}],"curies":[{"name":"wp","href":"https:\/\/api.w.org\/{rel}","templated":true}]}}