{"id":771,"date":"2022-10-27T04:10:38","date_gmt":"2022-10-27T04:10:38","guid":{"rendered":"https:\/\/tamlymienhaidang.com\/?page_id=771"},"modified":"2025-08-25T11:47:49","modified_gmt":"2025-08-25T04:47:49","slug":"dao-phat-trien-cong-dong","status":"publish","type":"page","link":"https:\/\/tamlymienhaidang.com\/en\/du-an\/dao-phat-trien-cong-dong\/","title":{"rendered":"Community development island"},"content":{"rendered":"<div id=\"page-header-1662763255\" class=\"page-header-wrapper\">\n  <div class=\"page-title dark featured-title\">\n\n    \n    <div class=\"page-title-inner container align-center text-center flex-row-col medium-flex-wrap\" >\n              <div class=\"title-wrapper is-xlarge flex-col\">\n          <h1 class=\"entry-title mb-0\">\n            Community development island          <\/h1>\n        <\/div>\n                    <div class=\"title-content flex-col\">\n        <div class=\"title-breadcrumbs pb-half pt-half\"><\/div>      <\/div>\n    <\/div>\n\n     \n<style>\n#page-header-1662763255 {\n  margin-bottom: 0px;\n}\n<\/style>\n  <\/div>\n    <\/div>\n  \n\n<nav aria-label=\"breadcrumbs\" class=\"rank-math-breadcrumb\"><p><span class=\"last\">Home<\/span><\/p><\/nav>\n<div class=\"row\"  id=\"row-911052552\">\n\n\n\t<div id=\"col-1662143674\" class=\"col medium-2 small-12 large-2\"  >\n\t\t\t\t<div class=\"col-inner\"  >\n\t\t\t\n\t\t\t\n\n\n\t\t<\/div>\n\t\t\t\t\t<\/div>\n\n\t\n\n\t<div id=\"col-333799201\" class=\"col medium-8 small-12 large-8\"  >\n\t\t\t\t<div class=\"col-inner\"  >\n\t\t\t\n\t\t\t\n\n\n\t<a class=\"plain\" href=\"https:\/\/tamlymienhaidang.com\/en\/du-an\/lang-nghe-khong-phan-xet-mua-4\/\" target=\"_blank\" rel=\"noopener noreferrer\" >\t<div class=\"icon-box featured-box icon-box-center text-center\"  >\n\t\t\t\t\t<div class=\"icon-box-img\" style=\"width: 600px\">\n\t\t\t\t<div class=\"icon\">\n\t\t\t\t\t<div class=\"icon-inner\" >\n\t\t\t\t\t\t<img loading=\"lazy\" decoding=\"async\" width=\"711\" height=\"400\" src=\"https:\/\/tamlymienhaidang.com\/wp-content\/uploads\/2025\/08\/Banner-711x400.png\" class=\"attachment-medium size-medium\" alt=\"\" srcset=\"https:\/\/tamlymienhaidang.com\/wp-content\/uploads\/2025\/08\/Banner-711x400.png 711w, https:\/\/tamlymienhaidang.com\/wp-content\/uploads\/2025\/08\/Banner-1400x788.png 1400w, https:\/\/tamlymienhaidang.com\/wp-content\/uploads\/2025\/08\/Banner-768x432.png 768w, https:\/\/tamlymienhaidang.com\/wp-content\/uploads\/2025\/08\/Banner-1536x864.png 1536w, https:\/\/tamlymienhaidang.com\/wp-content\/uploads\/2025\/08\/Banner.png 1920w\" sizes=\"auto, (max-width: 711px) 100vw, 711px\" \/>\t\t\t\t\t<\/div>\n\t\t\t\t<\/div>\n\t\t\t<\/div>\n\t\t\t\t<div class=\"icon-box-text last-reset\">\n\t\t\t\t\t\t\t\t\t\n\n<h2>D\u1ef1 \u00e1n: L\u1eafng nghe kh\u00f4ng ph\u00e1n x\u00e9t m\u00f9a 4<\/h2>\n\n\t\t<\/div>\n\t<\/div>\n\t<\/a>\n\t\n\n\t\t<\/div>\n\t\t\t\t\t<\/div>\n\n\t\n\n<\/div>\n<div class=\"row\"  id=\"row-668531736\">\n\n\n\t<div id=\"col-1550661673\" class=\"col medium-2 small-12 large-2\"  >\n\t\t\t\t<div class=\"col-inner\"  >\n\t\t\t\n\t\t\t\n\n\n\t\t<\/div>\n\t\t\t\t\t<\/div>\n\n\t\n\n\t<div id=\"col-1473692301\" class=\"col medium-8 small-12 large-8\"  >\n\t\t\t\t<div class=\"col-inner\"  >\n\t\t\t\n\t\t\t\n\n\n\t<a class=\"plain\" href=\"https:\/\/www.facebook.com\/events\/9050920355010711\/\" target=\"_blank\" rel=\"noopener noreferrer\">\t<div class=\"icon-box featured-box icon-box-center text-center\"  >\n\t\t\t\t\t<div class=\"icon-box-img\" style=\"width: 600px\">\n\t\t\t\t<div class=\"icon\">\n\t\t\t\t\t<div class=\"icon-inner\" >\n\t\t\t\t\t\t<img loading=\"lazy\" decoding=\"async\" width=\"764\" height=\"400\" src=\"https:\/\/tamlymienhaidang.com\/wp-content\/uploads\/2025\/06\/500743034_1020787703551423_2526046241657734176_n-764x400.jpg\" class=\"attachment-medium size-medium\" alt=\"\" srcset=\"https:\/\/tamlymienhaidang.com\/wp-content\/uploads\/2025\/06\/500743034_1020787703551423_2526046241657734176_n-764x400.jpg 764w, https:\/\/tamlymienhaidang.com\/wp-content\/uploads\/2025\/06\/500743034_1020787703551423_2526046241657734176_n-1400x733.jpg 1400w, https:\/\/tamlymienhaidang.com\/wp-content\/uploads\/2025\/06\/500743034_1020787703551423_2526046241657734176_n-768x402.jpg 768w, https:\/\/tamlymienhaidang.com\/wp-content\/uploads\/2025\/06\/500743034_1020787703551423_2526046241657734176_n-1536x804.jpg 1536w, https:\/\/tamlymienhaidang.com\/wp-content\/uploads\/2025\/06\/500743034_1020787703551423_2526046241657734176_n.jpg 1921w\" sizes=\"auto, (max-width: 764px) 100vw, 764px\" \/>\t\t\t\t\t<\/div>\n\t\t\t\t<\/div>\n\t\t\t<\/div>\n\t\t\t\t<div class=\"icon-box-text last-reset\">\n\t\t\t\t\t\t\t\t\t\n\n<h2>D\u1ef1 \u00e1n h\u1ee3p t\u00e1c: C\u1eadu m\u1edf l\u00f2ng &#8211; T\u1edb th\u1ea5u hi\u1ec3u m\u00f9a 2<\/h2>\n\n\t\t<\/div>\n\t<\/div>\n\t<\/a>\n\t\n\n\t\t<\/div>\n\t\t\t\t\t<\/div>\n\n\t\n\n<\/div>\n<div class=\"row\"  id=\"row-1336881393\">\n\n\n\t<div id=\"col-1843446156\" class=\"col medium-2 small-12 large-2\"  >\n\t\t\t\t<div class=\"col-inner\"  >\n\t\t\t\n\t\t\t\n\n\n\t\t<\/div>\n\t\t\t\t\t<\/div>\n\n\t\n\n\t<div id=\"col-1650832992\" class=\"col medium-8 small-12 large-8\"  >\n\t\t\t\t<div class=\"col-inner\"  >\n\t\t\t\n\t\t\t\n\n\n\t<a class=\"plain\" href=\"https:\/\/www.facebook.com\/events\/1388276252402404\/\" target=\"_blank\" rel=\"noopener noreferrer\">\t<div class=\"icon-box featured-box icon-box-center text-center\"  >\n\t\t\t\t\t<div class=\"icon-box-img\" style=\"width: 600px\">\n\t\t\t\t<div class=\"icon\">\n\t\t\t\t\t<div class=\"icon-inner\" >\n\t\t\t\t\t\t<img loading=\"lazy\" decoding=\"async\" width=\"764\" height=\"400\" src=\"https:\/\/tamlymienhaidang.com\/wp-content\/uploads\/2025\/06\/503825088_1026103796353147_2076206397091370107_n-764x400.jpg\" class=\"attachment-medium size-medium\" alt=\"\" srcset=\"https:\/\/tamlymienhaidang.com\/wp-content\/uploads\/2025\/06\/503825088_1026103796353147_2076206397091370107_n-764x400.jpg 764w, https:\/\/tamlymienhaidang.com\/wp-content\/uploads\/2025\/06\/503825088_1026103796353147_2076206397091370107_n-1400x733.jpg 1400w, https:\/\/tamlymienhaidang.com\/wp-content\/uploads\/2025\/06\/503825088_1026103796353147_2076206397091370107_n-768x402.jpg 768w, https:\/\/tamlymienhaidang.com\/wp-content\/uploads\/2025\/06\/503825088_1026103796353147_2076206397091370107_n-1536x804.jpg 1536w, https:\/\/tamlymienhaidang.com\/wp-content\/uploads\/2025\/06\/503825088_1026103796353147_2076206397091370107_n.jpg 1921w\" sizes=\"auto, (max-width: 764px) 100vw, 764px\" \/>\t\t\t\t\t<\/div>\n\t\t\t\t<\/div>\n\t\t\t<\/div>\n\t\t\t\t<div class=\"icon-box-text last-reset\">\n\t\t\t\t\t\t\t\t\t\n\n<h2>D\u1ef1 \u00e1n h\u1ee3p t\u00e1c: S\u00e2n ga th\u1ea5u c\u1ea3m<\/h2>\n\n\t\t<\/div>\n\t<\/div>\n\t<\/a>\n\t\n\n\t\t<\/div>\n\t\t\t\t\t<\/div>\n\n\t\n\n<\/div>\n<div class=\"row\"  id=\"row-77515233\">\n\n\n\t<div id=\"col-1460737240\" class=\"col medium-2 small-12 large-2\"  >\n\t\t\t\t<div class=\"col-inner\"  >\n\t\t\t\n\t\t\t\n\n\n\t\t<\/div>\n\t\t\t\t\t<\/div>\n\n\t\n\n\t<div id=\"col-2103837164\" class=\"col medium-8 small-12 large-8\"  >\n\t\t\t\t<div class=\"col-inner\"  >\n\t\t\t\n\t\t\t\n\n\n\t<a class=\"plain\" href=\"https:\/\/tamlymienhaidang.com\/en\/cong-dong-12-tuan-tich-cuc\/\" target=\"_blank\" rel=\"noopener noreferrer\">\t<div class=\"icon-box featured-box icon-box-center text-center\"  >\n\t\t\t\t\t<div class=\"icon-box-img\" style=\"width: 600px\">\n\t\t\t\t<div class=\"icon\">\n\t\t\t\t\t<div class=\"icon-inner\" >\n\t\t\t\t\t\t<img loading=\"lazy\" decoding=\"async\" width=\"565\" height=\"400\" src=\"https:\/\/tamlymienhaidang.com\/wp-content\/uploads\/2025\/01\/banner-chinh-final-565x400.jpg\" class=\"attachment-medium size-medium\" alt=\"\" srcset=\"https:\/\/tamlymienhaidang.com\/wp-content\/uploads\/2025\/01\/banner-chinh-final-565x400.jpg 565w, https:\/\/tamlymienhaidang.com\/wp-content\/uploads\/2025\/01\/banner-chinh-final-1131x800.jpg 1131w, https:\/\/tamlymienhaidang.com\/wp-content\/uploads\/2025\/01\/banner-chinh-final-768x543.jpg 768w, https:\/\/tamlymienhaidang.com\/wp-content\/uploads\/2025\/01\/banner-chinh-final-1536x1087.jpg 1536w, https:\/\/tamlymienhaidang.com\/wp-content\/uploads\/2025\/01\/banner-chinh-final.jpg 1754w\" sizes=\"auto, (max-width: 565px) 100vw, 565px\" \/>\t\t\t\t\t<\/div>\n\t\t\t\t<\/div>\n\t\t\t<\/div>\n\t\t\t\t<div class=\"icon-box-text last-reset\">\n\t\t\t\t\t\t\t\t\t\n\n<h2>C\u1ed9ng \u0111\u1ed3ng: 12 tu\u1ea7n t\u00edch c\u1ef1c<\/h2>\n\n\t\t<\/div>\n\t<\/div>\n\t<\/a>\n\t\n\n\t\t<\/div>\n\t\t\t\t\t<\/div>\n\n\t\n\n<\/div>\n<div class=\"row\"  id=\"row-1248026535\">\n\n\n\t<div id=\"col-797978012\" class=\"col medium-2 small-12 large-2\"  >\n\t\t\t\t<div class=\"col-inner\"  >\n\t\t\t\n\t\t\t\n\n\n\t\t<\/div>\n\t\t\t\t\t<\/div>\n\n\t\n\n\t<div id=\"col-440732860\" class=\"col medium-8 small-12 large-8\"  >\n\t\t\t\t<div class=\"col-inner\"  >\n\t\t\t\n\t\t\t\n\n\n\t<a class=\"plain\" href=\"https:\/\/www.facebook.com\/events\/540551075318471\/\" target=\"_blank\" rel=\"noopener noreferrer\">\t<div class=\"icon-box featured-box icon-box-center text-center\"  >\n\t\t\t\t\t<div class=\"icon-box-img\" style=\"width: 600px\">\n\t\t\t\t<div class=\"icon\">\n\t\t\t\t\t<div class=\"icon-inner\" >\n\t\t\t\t\t\t<img loading=\"lazy\" decoding=\"async\" width=\"757\" height=\"400\" src=\"https:\/\/tamlymienhaidang.com\/wp-content\/uploads\/2024\/09\/Website-757x400.jpg\" class=\"attachment-medium size-medium\" alt=\"\" srcset=\"https:\/\/tamlymienhaidang.com\/wp-content\/uploads\/2024\/09\/Website-757x400.jpg 757w, https:\/\/tamlymienhaidang.com\/wp-content\/uploads\/2024\/09\/Website-1400x740.jpg 1400w, https:\/\/tamlymienhaidang.com\/wp-content\/uploads\/2024\/09\/Website-768x406.jpg 768w, https:\/\/tamlymienhaidang.com\/wp-content\/uploads\/2024\/09\/Website-1536x812.jpg 1536w, https:\/\/tamlymienhaidang.com\/wp-content\/uploads\/2024\/09\/Website.jpg 1744w\" sizes=\"auto, (max-width: 757px) 100vw, 757px\" \/>\t\t\t\t\t<\/div>\n\t\t\t\t<\/div>\n\t\t\t<\/div>\n\t\t\t\t<div class=\"icon-box-text last-reset\">\n\t\t\t\t\t\t\t\t\t\n\n<h2>D\u1ef1 \u00e1n: L\u1eafng nghe kh\u00f4ng ph\u00e1n x\u00e9t m\u00f9a 3<\/h2>\n\n\t\t<\/div>\n\t<\/div>\n\t<\/a>\n\t\n\n\t\t<\/div>\n\t\t\t\t\t<\/div>\n\n\t\n\n\t<div id=\"col-986488344\" class=\"col medium-2 small-12 large-2\"  >\n\t\t\t\t<div class=\"col-inner\"  >\n\t\t\t\n\t\t\t\n\n\n\t\t<\/div>\n\t\t\t\t\t<\/div>\n\n\t\n\n<\/div>\n<div class=\"row\"  id=\"row-474700892\">\n\n\n\t<div id=\"col-1736964319\" class=\"col medium-2 small-12 large-2\"  >\n\t\t\t\t<div class=\"col-inner\"  >\n\t\t\t\n\t\t\t\n\n\n\t\t<\/div>\n\t\t\t\t\t<\/div>\n\n\t\n\n\t<div id=\"col-407224763\" class=\"col medium-8 small-12 large-8\"  >\n\t\t\t\t<div class=\"col-inner\"  >\n\t\t\t\n\t\t\t\n\n\n\t<a class=\"plain\" href=\"https:\/\/fb.me\/e\/2uuK39aUC\" target=\"_blank\" rel=\"noopener noreferrer\">\t<div class=\"icon-box featured-box icon-box-center text-center\"  >\n\t\t\t\t\t<div class=\"icon-box-img\" style=\"width: 600px\">\n\t\t\t\t<div class=\"icon\">\n\t\t\t\t\t<div class=\"icon-inner\" >\n\t\t\t\t\t\t<img loading=\"lazy\" decoding=\"async\" width=\"764\" height=\"400\" src=\"https:\/\/tamlymienhaidang.com\/wp-content\/uploads\/2024\/11\/photo_2024-11-08_15-03-30-1-764x400.jpg\" class=\"attachment-medium size-medium\" alt=\"\" srcset=\"https:\/\/tamlymienhaidang.com\/wp-content\/uploads\/2024\/11\/photo_2024-11-08_15-03-30-1-764x400.jpg 764w, https:\/\/tamlymienhaidang.com\/wp-content\/uploads\/2024\/11\/photo_2024-11-08_15-03-30-1-768x402.jpg 768w, https:\/\/tamlymienhaidang.com\/wp-content\/uploads\/2024\/11\/photo_2024-11-08_15-03-30-1.jpg 1280w\" sizes=\"auto, (max-width: 764px) 100vw, 764px\" \/>\t\t\t\t\t<\/div>\n\t\t\t\t<\/div>\n\t\t\t<\/div>\n\t\t\t\t<div class=\"icon-box-text last-reset\">\n\t\t\t\t\t\t\t\t\t\n\n<h2>D\u1ef1 \u00e1n: C\u1eadu m\u1edf l\u00f2ng t\u1edb th\u1ea5u hi\u1ec3u<\/h2>\n\n\t\t<\/div>\n\t<\/div>\n\t<\/a>\n\t\n\n\t\t<\/div>\n\t\t\t\t\t<\/div>\n\n\t\n\n\t<div id=\"col-271003715\" class=\"col medium-2 small-12 large-2\"  >\n\t\t\t\t<div class=\"col-inner\"  >\n\t\t\t\n\t\t\t\n\n\n\t\t<\/div>\n\t\t\t\t\t<\/div>\n\n\t\n\n<\/div>\n<div class=\"row\"  id=\"row-1557095599\">\n\n\n\t<div id=\"col-1680467903\" class=\"col medium-2 small-12 large-2\"  >\n\t\t\t\t<div class=\"col-inner\"  >\n\t\t\t\n\t\t\t\n\n\n\t\t<\/div>\n\t\t\t\t\t<\/div>\n\n\t\n\n\t<div id=\"col-981855290\" class=\"col medium-8 small-12 large-8\"  >\n\t\t\t\t<div class=\"col-inner\"  >\n\t\t\t\n\t\t\t\n\n\n\t<a class=\"plain\" href=\"https:\/\/fb.me\/e\/2NgrOq8bX\" target=\"_blank\" rel=\"noopener noreferrer\">\t<div class=\"icon-box featured-box icon-box-center text-center\"  >\n\t\t\t\t\t<div class=\"icon-box-img\" style=\"width: 600px\">\n\t\t\t\t<div class=\"icon\">\n\t\t\t\t\t<div class=\"icon-inner\" >\n\t\t\t\t\t\t<img loading=\"lazy\" decoding=\"async\" width=\"757\" height=\"400\" src=\"https:\/\/tamlymienhaidang.com\/wp-content\/uploads\/2023\/08\/banner-su-kien-757x400.jpg\" class=\"attachment-medium size-medium\" alt=\"\" srcset=\"https:\/\/tamlymienhaidang.com\/wp-content\/uploads\/2023\/08\/banner-su-kien-757x400.jpg 757w, https:\/\/tamlymienhaidang.com\/wp-content\/uploads\/2023\/08\/banner-su-kien-768x406.jpg 768w, https:\/\/tamlymienhaidang.com\/wp-content\/uploads\/2023\/08\/banner-su-kien.jpg 1280w\" sizes=\"auto, (max-width: 757px) 100vw, 757px\" \/>\t\t\t\t\t<\/div>\n\t\t\t\t<\/div>\n\t\t\t<\/div>\n\t\t\t\t<div class=\"icon-box-text last-reset\">\n\t\t\t\t\t\t\t\t\t\n\n<h2>D\u1ef1 \u00e1n: L\u1eafng nghe kh\u00f4ng ph\u00e1n x\u00e9t m\u00f9a 2<\/h2>\n\n\t\t<\/div>\n\t<\/div>\n\t<\/a>\n\t\n\n\t\t<\/div>\n\t\t\t\t\t<\/div>\n\n\t\n\n\t<div id=\"col-959815833\" class=\"col medium-2 small-12 large-2\"  >\n\t\t\t\t<div class=\"col-inner\"  >\n\t\t\t\n\t\t\t\n\n\n\t\t<\/div>\n\t\t\t\t\t<\/div>\n\n\t\n\n<\/div>\n<div class=\"row\"  id=\"row-684533737\">\n\n\n\t<div id=\"col-1095784046\" class=\"col medium-2 small-12 large-2\"  >\n\t\t\t\t<div class=\"col-inner\"  >\n\t\t\t\n\t\t\t\n\n\n\t\t<\/div>\n\t\t\t\t\t<\/div>\n\n\t\n\n\t<div id=\"col-1781805953\" class=\"col medium-8 small-12 large-8\"  >\n\t\t\t\t<div class=\"col-inner\"  >\n\t\t\t\n\t\t\t\n\n\n\t<a class=\"plain\" href=\"https:\/\/www.facebook.com\/langnghekhongphanxetketnoi\" target=\"_blank\" rel=\"noopener noreferrer\">\t<div class=\"icon-box featured-box icon-box-center text-center\"  >\n\t\t\t\t\t<div class=\"icon-box-img\" style=\"width: 600px\">\n\t\t\t\t<div class=\"icon\">\n\t\t\t\t\t<div class=\"icon-inner\" >\n\t\t\t\t\t\t<img loading=\"lazy\" decoding=\"async\" width=\"800\" height=\"369\" src=\"https:\/\/tamlymienhaidang.com\/wp-content\/uploads\/2023\/04\/photo_2023-04-03_15-16-59-1-800x369.jpg\" class=\"attachment-medium size-medium\" alt=\"\" srcset=\"https:\/\/tamlymienhaidang.com\/wp-content\/uploads\/2023\/04\/photo_2023-04-03_15-16-59-1-800x369.jpg 800w, https:\/\/tamlymienhaidang.com\/wp-content\/uploads\/2023\/04\/photo_2023-04-03_15-16-59-1-768x354.jpg 768w, https:\/\/tamlymienhaidang.com\/wp-content\/uploads\/2023\/04\/photo_2023-04-03_15-16-59-1.jpg 1280w\" sizes=\"auto, (max-width: 800px) 100vw, 800px\" \/>\t\t\t\t\t<\/div>\n\t\t\t\t<\/div>\n\t\t\t<\/div>\n\t\t\t\t<div class=\"icon-box-text last-reset\">\n\t\t\t\t\t\t\t\t\t\n\n<h2>D\u1ef1 \u00e1n: L\u1eafng nghe kh\u00f4ng ph\u00e1n x\u00e9t &#8211; k\u1ebft n\u1ed1i<\/h2>\n\n\t\t<\/div>\n\t<\/div>\n\t<\/a>\n\t\n\n\t\t<\/div>\n\t\t\t\t\t<\/div>\n\n\t\n\n\t<div id=\"col-1234453302\" class=\"col medium-2 small-12 large-2\"  >\n\t\t\t\t<div class=\"col-inner\"  >\n\t\t\t\n\t\t\t\n\n\n\t\t<\/div>\n\t\t\t\t\t<\/div>\n\n\t\n\n<\/div>\n<div class=\"row\"  id=\"row-1564403355\">\n\n\n\t<div id=\"col-1735987524\" class=\"col medium-2 small-12 large-2\"  >\n\t\t\t\t<div class=\"col-inner\"  >\n\t\t\t\n\t\t\t\n\n\n\t\t<\/div>\n\t\t\t\t\t<\/div>\n\n\t\n\n\t<div id=\"col-1583113533\" class=\"col medium-8 small-12 large-8\"  >\n\t\t\t\t<div class=\"col-inner\"  >\n\t\t\t\n\t\t\t\n\n\n\t<a class=\"plain\" href=\"https:\/\/fb.me\/e\/298D3ge5P\" target=\"_blank\" rel=\"noopener noreferrer\">\t<div class=\"icon-box featured-box icon-box-center text-center\"  >\n\t\t\t\t\t<div class=\"icon-box-img\" style=\"width: 600px\">\n\t\t\t\t<div class=\"icon\">\n\t\t\t\t\t<div class=\"icon-inner\" >\n\t\t\t\t\t\t<img loading=\"lazy\" decoding=\"async\" width=\"757\" height=\"400\" src=\"https:\/\/tamlymienhaidang.com\/wp-content\/uploads\/2022\/12\/banner-website-757x400.jpg\" class=\"attachment-medium size-medium\" alt=\"\" srcset=\"https:\/\/tamlymienhaidang.com\/wp-content\/uploads\/2022\/12\/banner-website-757x400.jpg 757w, https:\/\/tamlymienhaidang.com\/wp-content\/uploads\/2022\/12\/banner-website-768x406.jpg 768w, https:\/\/tamlymienhaidang.com\/wp-content\/uploads\/2022\/12\/banner-website.jpg 1280w\" sizes=\"auto, (max-width: 757px) 100vw, 757px\" \/>\t\t\t\t\t<\/div>\n\t\t\t\t<\/div>\n\t\t\t<\/div>\n\t\t\t\t<div class=\"icon-box-text last-reset\">\n\t\t\t\t\t\t\t\t\t\n\n<h2>D\u1ef1 \u00e1n: L\u1eafng nghe kh\u00f4ng ph\u00e1n x\u00e9t m\u00f9a \u0111\u1ea7u ti\u00ean<\/h2>\n\n\t\t<\/div>\n\t<\/div>\n\t<\/a>\n\t\n\n\t\t<\/div>\n\t\t\t\t\t<\/div>\n\n\t\n\n\t<div id=\"col-348633477\" class=\"col medium-2 small-12 large-2\"  >\n\t\t\t\t<div class=\"col-inner\"  >\n\t\t\t\n\t\t\t\n\n\n\t\t<\/div>\n\t\t\t\t\t<\/div>\n\n\t\n\n<\/div>\n<div class=\"row\"  id=\"row-1403594399\">\n\n\n\t<div id=\"col-1848406433\" class=\"col medium-2 small-12 large-2\"  >\n\t\t\t\t<div class=\"col-inner\"  >\n\t\t\t\n\t\t\t\n\n\n\t\t<\/div>\n\t\t\t\t\t<\/div>\n\n\t\n\n\t<div id=\"col-1483366867\" class=\"col medium-8 small-12 large-8\"  >\n\t\t\t\t<div class=\"col-inner\"  >\n\t\t\t\n\t\t\t\n\n\n\t\t<div class=\"icon-box featured-box icon-box-center text-center\"  >\n\t\t\t\t\t<div class=\"icon-box-img\" style=\"width: 600px\">\n\t\t\t\t<div class=\"icon\">\n\t\t\t\t\t<div class=\"icon-inner\" >\n\t\t\t\t\t\t<img loading=\"lazy\" decoding=\"async\" width=\"711\" height=\"400\" src=\"https:\/\/tamlymienhaidang.com\/wp-content\/uploads\/2024\/03\/z5266712393859_0d272d6225177c5b2f778d8d45890a38-711x400.jpg\" class=\"attachment-medium size-medium\" alt=\"\" srcset=\"https:\/\/tamlymienhaidang.com\/wp-content\/uploads\/2024\/03\/z5266712393859_0d272d6225177c5b2f778d8d45890a38-711x400.jpg 711w, https:\/\/tamlymienhaidang.com\/wp-content\/uploads\/2024\/03\/z5266712393859_0d272d6225177c5b2f778d8d45890a38-1400x788.jpg 1400w, https:\/\/tamlymienhaidang.com\/wp-content\/uploads\/2024\/03\/z5266712393859_0d272d6225177c5b2f778d8d45890a38-768x432.jpg 768w, https:\/\/tamlymienhaidang.com\/wp-content\/uploads\/2024\/03\/z5266712393859_0d272d6225177c5b2f778d8d45890a38-1536x864.jpg 1536w, https:\/\/tamlymienhaidang.com\/wp-content\/uploads\/2024\/03\/z5266712393859_0d272d6225177c5b2f778d8d45890a38.jpg 1920w\" sizes=\"auto, (max-width: 711px) 100vw, 711px\" \/>\t\t\t\t\t<\/div>\n\t\t\t\t<\/div>\n\t\t\t<\/div>\n\t\t\t\t<div class=\"icon-box-text last-reset\">\n\t\t\t\t\t\t\t\t\t\n\n<h2>D\u1ef1 \u00e1n \u0111\u1ed3ng h\u00e0nh: H\u1ed7 tr\u1ee3 t\u00e2m l\u00fd cho c\u1ed9ng \u0111\u1ed3ng LGBT<\/h2>\n\n\t\t<\/div>\n\t<\/div>\n\t\n\t\n\n\t\t<\/div>\n\t\t\t\t\t<\/div>\n\n\t\n\n\t<div id=\"col-564644488\" class=\"col medium-2 small-12 large-2\"  >\n\t\t\t\t<div class=\"col-inner\"  >\n\t\t\t\n\t\t\t\n\n\n\t\t<\/div>\n\t\t\t\t\t<\/div>\n\n\t\n\n<\/div>\n<div class=\"row\"  id=\"row-549342792\">\n\n\n\t<div id=\"col-1716716351\" class=\"col medium-2 small-12 large-2\"  >\n\t\t\t\t<div class=\"col-inner\"  >\n\t\t\t\n\t\t\t\n\n\n\t\t<\/div>\n\t\t\t\t\t<\/div>\n\n\t\n\n\t<div id=\"col-2036535338\" class=\"col medium-8 small-12 large-8\"  >\n\t\t\t\t<div class=\"col-inner\"  >\n\t\t\t\n\t\t\t\n\n\n\t\t<div class=\"icon-box featured-box icon-box-center text-center\"  >\n\t\t\t\t\t<div class=\"icon-box-img\" style=\"width: 600px\">\n\t\t\t\t<div class=\"icon\">\n\t\t\t\t\t<div class=\"icon-inner\" >\n\t\t\t\t\t\t<img loading=\"lazy\" decoding=\"async\" width=\"711\" height=\"400\" src=\"https:\/\/tamlymienhaidang.com\/wp-content\/uploads\/2024\/03\/z5266712415360_a71a29991f70de56a6a98b153dac86e2-711x400.jpg\" class=\"attachment-medium size-medium\" alt=\"\" srcset=\"https:\/\/tamlymienhaidang.com\/wp-content\/uploads\/2024\/03\/z5266712415360_a71a29991f70de56a6a98b153dac86e2-711x400.jpg 711w, https:\/\/tamlymienhaidang.com\/wp-content\/uploads\/2024\/03\/z5266712415360_a71a29991f70de56a6a98b153dac86e2-1400x788.jpg 1400w, https:\/\/tamlymienhaidang.com\/wp-content\/uploads\/2024\/03\/z5266712415360_a71a29991f70de56a6a98b153dac86e2-768x432.jpg 768w, https:\/\/tamlymienhaidang.com\/wp-content\/uploads\/2024\/03\/z5266712415360_a71a29991f70de56a6a98b153dac86e2-1536x864.jpg 1536w, https:\/\/tamlymienhaidang.com\/wp-content\/uploads\/2024\/03\/z5266712415360_a71a29991f70de56a6a98b153dac86e2.jpg 1920w\" sizes=\"auto, (max-width: 711px) 100vw, 711px\" \/>\t\t\t\t\t<\/div>\n\t\t\t\t<\/div>\n\t\t\t<\/div>\n\t\t\t\t<div class=\"icon-box-text last-reset\">\n\t\t\t\t\t\t\t\t\t\n\n<h2>D\u1ef1 \u00e1n tr\u1ef1c tuy\u1ebfn: Tr\u00f2 chuy\u1ec7n &#8220;t\u1eed t\u1ebf&#8221;<\/h2>\n\n\t\t<\/div>\n\t<\/div>\n\t\n\t\n\n\t\t<\/div>\n\t\t\t\t\t<\/div>\n\n\t\n\n\t<div id=\"col-1461297055\" class=\"col medium-2 small-12 large-2\"  >\n\t\t\t\t<div class=\"col-inner\"  >\n\t\t\t\n\t\t\t\n\n\n\t\t<\/div>\n\t\t\t\t\t<\/div>\n\n\t\n\n<\/div>","protected":false},"excerpt":{"rendered":"","protected":false},"author":1,"featured_media":0,"parent":698,"menu_order":0,"comment_status":"closed","ping_status":"closed","template":"","meta":{"footnotes":""},"class_list":["post-771","page","type-page","status-publish","hentry"],"_links":{"self":[{"href":"https:\/\/tamlymienhaidang.com\/en\/wp-json\/wp\/v2\/pages\/771","targetHints":{"allow":["GET"]}}],"collection":[{"href":"https:\/\/tamlymienhaidang.com\/en\/wp-json\/wp\/v2\/pages"}],"about":[{"href":"https:\/\/tamlymienhaidang.com\/en\/wp-json\/wp\/v2\/types\/page"}],"author":[{"embeddable":true,"href":"https:\/\/tamlymienhaidang.com\/en\/wp-json\/wp\/v2\/users\/1"}],"replies":[{"embeddable":true,"href":"https:\/\/tamlymienhaidang.com\/en\/wp-json\/wp\/v2\/comments?post=771"}],"version-history":[{"count":1,"href":"https:\/\/tamlymienhaidang.com\/en\/wp-json\/wp\/v2\/pages\/771\/revisions"}],"predecessor-version":[{"id":3129,"href":"https:\/\/tamlymienhaidang.com\/en\/wp-json\/wp\/v2\/pages\/771\/revisions\/3129"}],"up":[{"embeddable":true,"href":"https:\/\/tamlymienhaidang.com\/en\/wp-json\/wp\/v2\/pages\/698"}],"wp:attachment":[{"href":"https:\/\/tamlymienhaidang.com\/en\/wp-json\/wp\/v2\/media?parent=771"}],"curies":[{"name":"wp","href":"https:\/\/api.w.org\/{rel}","templated":true}]}}